{"id":597764,"date":"2025-08-07T12:10:25","date_gmt":"2025-08-07T10:10:25","guid":{"rendered":"https:\/\/lucacastelli.com\/prodotto\/arbortec-caiman-breathedry-softshell-2\/"},"modified":"2025-09-30T11:59:12","modified_gmt":"2025-09-30T09:59:12","slug":"arbortec-caiman-breathedry-softshell-2","status":"publish","type":"product","link":"https:\/\/lucacastelli.com\/de\/produkt\/arbortec-caiman-breathedry-softshell-2\/","title":{"rendered":"Arbortec Caiman BreatheDry Softshell"},"content":{"rendered":"<p>PRODUKTBESCHREIBUNG<br \/>\nDie stylische, wasserdichte Softshell-Jacke &#8216;Caiman&#8217; ist mit einem Bel\u00fcftungssystem und einer abnehmbaren Kapuze ausgestattet. Dieses leistungsstarke Kleidungsst\u00fcck ist in Schwarz, Grau oder Olivgr\u00fcn erh\u00e4ltlich und verleiht jedem Teammitglied ein professionelles Erscheinungsbild, ob bei der Arbeit oder in der Freizeit.<br \/>\nDie Jacke ist mit einer gro\u00dfen, vollst\u00e4ndig abnehmbaren wasserdichten Kapuze ausgestattet. Gro\u00dfe Rei\u00dfverschl\u00fcsse auf der R\u00fcckseite dienen als zus\u00e4tzliche Bel\u00fcftung, und unter den Achseln befinden sich weitere Bel\u00fcftungs\u00f6ffnungen mit Rei\u00dfverschluss.<br \/>\nAlle vorderen Au\u00dfentaschen werden mit verschwei\u00dften, wasserdichten Rei\u00dfverschl\u00fcssen mit reflektierenden Paspeln verschlossen.<br \/>\nMERKMALE<br \/>\nWasserdicht und atmungsaktiv.<br \/>\nAbnehmbare Kapuze.<br \/>\nKapuze und Bund mit Kordelzug.<br \/>\nHandytasche mit Media Port.<br \/>\nGro\u00dfe Innentaschen mit integriertem Schl\u00fcsselring.  <\/p>\n","protected":false},"excerpt":{"rendered":"<p>PRODUKTBESCHREIBUNG Die stylische, wasserdichte Softshell-Jacke &#8216;Caiman&#8217; ist mit einem Bel\u00fcftungssystem und einer abnehmbaren Kapuze ausgestattet. Dieses leistungsstarke Kleidungsst\u00fcck ist in<\/p>\n","protected":false},"featured_media":597761,"template":"","meta":{"_seopress_robots_primary_cat":"none","_seopress_titles_title":"","_seopress_titles_desc":"","_seopress_robots_index":""},"product_brand":[3611],"product_cat":[82,974,975],"product_tag":[5804],"class_list":{"0":"post-597764","1":"product","2":"type-product","3":"status-publish","4":"has-post-thumbnail","6":"product_brand-arbortec-de-2","7":"product_cat-kleidung","8":"product_cat-freizeitkleidung","9":"product_cat-herrenbekleidung","10":"product_tag-luzern2025","11":"sws-gruppo-abb-libero-de","12":"sws-categoria-sito-de","13":"sws-conto-ricavi-merci-rivendita-abbigliamento-de","14":"sws-gruppo-iva-iva81-de","16":"first","17":"instock","18":"shipping-taxable","19":"purchasable","20":"product-type-variable","21":"has-default-attributes"},"_links":{"self":[{"href":"https:\/\/lucacastelli.com\/de\/wp-json\/wp\/v2\/product\/597764","targetHints":{"allow":["GET"]}}],"collection":[{"href":"https:\/\/lucacastelli.com\/de\/wp-json\/wp\/v2\/product"}],"about":[{"href":"https:\/\/lucacastelli.com\/de\/wp-json\/wp\/v2\/types\/product"}],"wp:featuredmedia":[{"embeddable":true,"href":"https:\/\/lucacastelli.com\/de\/wp-json\/wp\/v2\/media\/597761"}],"wp:attachment":[{"href":"https:\/\/lucacastelli.com\/de\/wp-json\/wp\/v2\/media?parent=597764"}],"wp:term":[{"taxonomy":"product_brand","embeddable":true,"href":"https:\/\/lucacastelli.com\/de\/wp-json\/wp\/v2\/product_brand?post=597764"},{"taxonomy":"product_cat","embeddable":true,"href":"https:\/\/lucacastelli.com\/de\/wp-json\/wp\/v2\/product_cat?post=597764"},{"taxonomy":"product_tag","embeddable":true,"href":"https:\/\/lucacastelli.com\/de\/wp-json\/wp\/v2\/product_tag?post=597764"}],"curies":[{"name":"wp","href":"https:\/\/api.w.org\/{rel}","templated":true}]}}