{"id":597740,"date":"2025-08-07T12:09:25","date_gmt":"2025-08-07T10:09:25","guid":{"rendered":"https:\/\/lucacastelli.com\/prodotto\/arbortec-yeti-knitted-fleece-lined-jacket-2\/"},"modified":"2025-08-31T00:00:13","modified_gmt":"2025-08-30T22:00:13","slug":"arbortec-yeti-knitted-fleece-lined-jacket-2","status":"publish","type":"product","link":"https:\/\/lucacastelli.com\/de\/produkt\/arbortec-yeti-knitted-fleece-lined-jacket-2\/","title":{"rendered":"Arbortec Yeti Knitted Fleece Lined Jacket"},"content":{"rendered":"<p>Die Yeti-Jacke mit durchgehendem Rei\u00dfverschluss aus 300 g\/m\u00b2 Strick ist eine Art Hybrid aus Jacke und Hoodie. Diese elegante Jacke hat eine lockere, legere Passform und das mitteldicke Fleecefutter sorgt f\u00fcr eine willkommene W\u00e4rmeschicht. Die gem\u00fctliche Kapuze mit Kordelzug ist komplett abnehmbar und kann bei Bedarf in der gro\u00dfen R\u00fcckentasche verstaut werden. Es gibt eine gro\u00dfe Brusttasche (ideal f\u00fcr ein Smartphone) mit einem praktischen Kopfh\u00f6reranschluss.<br \/>\nDiese Jacke ist ein ideales Kleidungsst\u00fcck, um dich auf und neben der Baustelle warm und gem\u00fctlich zu halten.<br \/>\nHinweis: Der Preis beinhaltet nur die alte Marke.   <\/p>\n","protected":false},"excerpt":{"rendered":"<p>Die Yeti-Jacke mit durchgehendem Rei\u00dfverschluss aus 300 g\/m\u00b2 Strick ist eine Art Hybrid aus Jacke und Hoodie. Diese elegante Jacke<\/p>\n","protected":false},"featured_media":597737,"template":"","meta":{"_seopress_robots_primary_cat":"none","_seopress_titles_title":"","_seopress_titles_desc":"","_seopress_robots_index":""},"product_brand":[3611],"product_cat":[82,974,975],"product_tag":[5804],"class_list":{"0":"post-597740","1":"product","2":"type-product","3":"status-publish","4":"has-post-thumbnail","6":"product_brand-arbortec-de-2","7":"product_cat-kleidung","8":"product_cat-freizeitkleidung","9":"product_cat-herrenbekleidung","10":"product_tag-luzern2025","11":"sws-gruppo-abb-libero-de","12":"sws-categoria-sito-de","13":"sws-conto-ricavi-merci-rivendita-abbigliamento-de","14":"sws-gruppo-iva-iva81-de","16":"first","17":"instock","18":"shipping-taxable","19":"purchasable","20":"product-type-variable","21":"has-default-attributes"},"_links":{"self":[{"href":"https:\/\/lucacastelli.com\/de\/wp-json\/wp\/v2\/product\/597740","targetHints":{"allow":["GET"]}}],"collection":[{"href":"https:\/\/lucacastelli.com\/de\/wp-json\/wp\/v2\/product"}],"about":[{"href":"https:\/\/lucacastelli.com\/de\/wp-json\/wp\/v2\/types\/product"}],"wp:featuredmedia":[{"embeddable":true,"href":"https:\/\/lucacastelli.com\/de\/wp-json\/wp\/v2\/media\/597737"}],"wp:attachment":[{"href":"https:\/\/lucacastelli.com\/de\/wp-json\/wp\/v2\/media?parent=597740"}],"wp:term":[{"taxonomy":"product_brand","embeddable":true,"href":"https:\/\/lucacastelli.com\/de\/wp-json\/wp\/v2\/product_brand?post=597740"},{"taxonomy":"product_cat","embeddable":true,"href":"https:\/\/lucacastelli.com\/de\/wp-json\/wp\/v2\/product_cat?post=597740"},{"taxonomy":"product_tag","embeddable":true,"href":"https:\/\/lucacastelli.com\/de\/wp-json\/wp\/v2\/product_tag?post=597740"}],"curies":[{"name":"wp","href":"https:\/\/api.w.org\/{rel}","templated":true}]}}