{"id":597091,"date":"2025-06-01T00:23:29","date_gmt":"2025-05-31T22:23:29","guid":{"rendered":"https:\/\/lucacastelli.com\/prodotto\/stihl-325-rapid-super-pro-rs-35-cm\/"},"modified":"2025-06-01T00:23:29","modified_gmt":"2025-05-31T22:23:29","slug":"stihl-325-rapid-super-pro-rs-35-cm","status":"publish","type":"product","link":"https:\/\/lucacastelli.com\/de\/produkt\/stihl-325-rapid-super-pro-rs-35-cm\/","title":{"rendered":"STIHL .325&#8243; Rapid Super Pro (RS), 35 cm"},"content":{"rendered":"<p>Hochleistungskette mit reduzierten Vibrationen f\u00fcr professionelle Anwender. Hohe Gravier- und Schneidleistung mit hervorragender Schnittqualit\u00e4t und geringer Neigung zum \u00dcberspringen.<br \/>\n886661879755 <\/p>\n<p>Kettenteilung 8,25mm\/.325&#8243;<br \/>\nDicke der F\u00fchrungsglieder<\/p>\n<p>L\u00e4nge der Stange L\u00e4nge der Stange<\/p>\n","protected":false},"excerpt":{"rendered":"<p>.325&#8243; Rapid Super Pro (RS), 35 cm<\/p>\n","protected":false},"featured_media":429878,"template":"","meta":{"_seopress_robots_primary_cat":"","_seopress_titles_title":"","_seopress_titles_desc":"","_seopress_robots_index":""},"product_brand":[3366],"product_cat":[29,268,504],"product_tag":[3265],"class_list":{"0":"post-597091","1":"product","2":"type-product","3":"status-publish","4":"has-post-thumbnail","6":"product_brand-stihl","7":"product_cat-macchinari","8":"product_cat-motoseghe","9":"product_cat-catene-e-rotoli","10":"product_tag-import-stihl","11":"sws-gruppo-macchinari-de","12":"sws-conto-ricavi-merci-rivendita-macchinari-de","13":"sws-gruppo-iva-iva81-de","15":"first","16":"onbackorder","17":"purchasable","18":"product-type-simple"},"_links":{"self":[{"href":"https:\/\/lucacastelli.com\/de\/wp-json\/wp\/v2\/product\/597091","targetHints":{"allow":["GET"]}}],"collection":[{"href":"https:\/\/lucacastelli.com\/de\/wp-json\/wp\/v2\/product"}],"about":[{"href":"https:\/\/lucacastelli.com\/de\/wp-json\/wp\/v2\/types\/product"}],"wp:featuredmedia":[{"embeddable":true,"href":"https:\/\/lucacastelli.com\/de\/wp-json\/wp\/v2\/media\/429878"}],"wp:attachment":[{"href":"https:\/\/lucacastelli.com\/de\/wp-json\/wp\/v2\/media?parent=597091"}],"wp:term":[{"taxonomy":"product_brand","embeddable":true,"href":"https:\/\/lucacastelli.com\/de\/wp-json\/wp\/v2\/product_brand?post=597091"},{"taxonomy":"product_cat","embeddable":true,"href":"https:\/\/lucacastelli.com\/de\/wp-json\/wp\/v2\/product_cat?post=597091"},{"taxonomy":"product_tag","embeddable":true,"href":"https:\/\/lucacastelli.com\/de\/wp-json\/wp\/v2\/product_tag?post=597091"}],"curies":[{"name":"wp","href":"https:\/\/api.w.org\/{rel}","templated":true}]}}