{"id":597048,"date":"2025-06-01T00:20:55","date_gmt":"2025-05-31T22:20:55","guid":{"rendered":"https:\/\/lucacastelli.com\/prodotto\/stihl-1-4-p-peak-micro-3-pm3-35-cm\/"},"modified":"2025-11-24T15:40:58","modified_gmt":"2025-11-24T14:40:58","slug":"stihl-1-4-p-peak-micro-3-pm3-35-cm","status":"publish","type":"product","link":"https:\/\/lucacastelli.com\/de\/produkt\/stihl-1-4-p-peak-micro-3-pm3-35-cm\/","title":{"rendered":"STIHL 1\/4&#8243; P Peak Micro 3 (PM3), 35 cm"},"content":{"rendered":"<p>Neu und exklusiv bei STIHL: 1\/4&#8243; Picco Micro 3 (PM3) Kette. Diese r\u00fcckschlag- und vibrationsarme Kette ist speziell f\u00fcr leichte, kompakte Kettens\u00e4gen entwickelt worden. Sie verbindet hohe Schnittleistung mit hoher Schnittqualit\u00e4t und gro\u00dfem Arbeitskomfort. Erm\u00f6glicht wird dies durch die flache, schmale Bauweise in Kombination mit kleinen Kettenteilungen.<br \/>\n886661006212   <\/p>\n<p>Kettenteilung 6,35mm\/1\/4 &#8220;P<br \/>\nF\u00fchrungsgliedst\u00e4rke<\/p>\n<p>L\u00e4nge der Stange L\u00e4nge der Stange<\/p>\n","protected":false},"excerpt":{"rendered":"<p>1\/4&#8243; P Peak Micro 3 (PM3), 35 cm<\/p>\n","protected":false},"featured_media":429861,"template":"","meta":{"_seopress_robots_primary_cat":"","_seopress_titles_title":"","_seopress_titles_desc":"","_seopress_robots_index":""},"product_brand":[3366],"product_cat":[29,268,504],"product_tag":[3265],"class_list":{"0":"post-597048","1":"product","2":"type-product","3":"status-publish","4":"has-post-thumbnail","6":"product_brand-stihl","7":"product_cat-macchinari","8":"product_cat-motoseghe","9":"product_cat-catene-e-rotoli","10":"product_tag-import-stihl","11":"sws-gruppo-macchinari-de","12":"sws-conto-ricavi-merci-rivendita-macchinari-de","13":"sws-gruppo-iva-iva81-de","15":"first","16":"onbackorder","17":"purchasable","18":"product-type-simple"},"_links":{"self":[{"href":"https:\/\/lucacastelli.com\/de\/wp-json\/wp\/v2\/product\/597048","targetHints":{"allow":["GET"]}}],"collection":[{"href":"https:\/\/lucacastelli.com\/de\/wp-json\/wp\/v2\/product"}],"about":[{"href":"https:\/\/lucacastelli.com\/de\/wp-json\/wp\/v2\/types\/product"}],"wp:featuredmedia":[{"embeddable":true,"href":"https:\/\/lucacastelli.com\/de\/wp-json\/wp\/v2\/media\/429861"}],"wp:attachment":[{"href":"https:\/\/lucacastelli.com\/de\/wp-json\/wp\/v2\/media?parent=597048"}],"wp:term":[{"taxonomy":"product_brand","embeddable":true,"href":"https:\/\/lucacastelli.com\/de\/wp-json\/wp\/v2\/product_brand?post=597048"},{"taxonomy":"product_cat","embeddable":true,"href":"https:\/\/lucacastelli.com\/de\/wp-json\/wp\/v2\/product_cat?post=597048"},{"taxonomy":"product_tag","embeddable":true,"href":"https:\/\/lucacastelli.com\/de\/wp-json\/wp\/v2\/product_tag?post=597048"}],"curies":[{"name":"wp","href":"https:\/\/api.w.org\/{rel}","templated":true}]}}