{"id":597038,"date":"2025-06-01T00:20:15","date_gmt":"2025-05-31T22:20:15","guid":{"rendered":"https:\/\/lucacastelli.com\/prodotto\/stihl-404-rapid-micro-rm-53-cm\/"},"modified":"2025-06-01T00:20:15","modified_gmt":"2025-05-31T22:20:15","slug":"stihl-404-rapid-micro-rm-53-cm","status":"publish","type":"product","link":"https:\/\/lucacastelli.com\/de\/produkt\/stihl-404-rapid-micro-rm-53-cm\/","title":{"rendered":"STIHL .404&#8243; Rapid Micro (RM), 53 cm"},"content":{"rendered":"<p>Die ideale Universalkette f\u00fcr Arbeiten in der Land- und Forstwirtschaft und auf dem Bau. Besonders gute Stabilit\u00e4tseigenschaften und hohe Schnittleistung. Leicht nachsch\u00e4rfbar. Nimmt kleinere Sch\u00e4rfungsfehler in Kauf.<br \/>\n795711825379   <\/p>\n<p>Kettenteilung 10,26mm\/.404&#8243;<br \/>\nDicke der F\u00fchrungsglieder<\/p>\n<p>L\u00e4nge der Stange L\u00e4nge der Stange<\/p>\n","protected":false},"excerpt":{"rendered":"<p>.404&#8243; Rapid Micro (RM), 53 cm<\/p>\n","protected":false},"featured_media":453604,"template":"","meta":{"_seopress_robots_primary_cat":"","_seopress_titles_title":"","_seopress_titles_desc":"","_seopress_robots_index":""},"product_brand":[3366],"product_cat":[29,268,504],"product_tag":[3265],"class_list":{"0":"post-597038","1":"product","2":"type-product","3":"status-publish","4":"has-post-thumbnail","6":"product_brand-stihl","7":"product_cat-macchinari","8":"product_cat-motoseghe","9":"product_cat-catene-e-rotoli","10":"product_tag-import-stihl","11":"sws-gruppo-macchinari-de","12":"sws-conto-ricavi-merci-rivendita-macchinari-de","13":"sws-gruppo-iva-iva81-de","15":"first","16":"onbackorder","17":"purchasable","18":"product-type-simple"},"_links":{"self":[{"href":"https:\/\/lucacastelli.com\/de\/wp-json\/wp\/v2\/product\/597038","targetHints":{"allow":["GET"]}}],"collection":[{"href":"https:\/\/lucacastelli.com\/de\/wp-json\/wp\/v2\/product"}],"about":[{"href":"https:\/\/lucacastelli.com\/de\/wp-json\/wp\/v2\/types\/product"}],"wp:featuredmedia":[{"embeddable":true,"href":"https:\/\/lucacastelli.com\/de\/wp-json\/wp\/v2\/media\/453604"}],"wp:attachment":[{"href":"https:\/\/lucacastelli.com\/de\/wp-json\/wp\/v2\/media?parent=597038"}],"wp:term":[{"taxonomy":"product_brand","embeddable":true,"href":"https:\/\/lucacastelli.com\/de\/wp-json\/wp\/v2\/product_brand?post=597038"},{"taxonomy":"product_cat","embeddable":true,"href":"https:\/\/lucacastelli.com\/de\/wp-json\/wp\/v2\/product_cat?post=597038"},{"taxonomy":"product_tag","embeddable":true,"href":"https:\/\/lucacastelli.com\/de\/wp-json\/wp\/v2\/product_tag?post=597038"}],"curies":[{"name":"wp","href":"https:\/\/api.w.org\/{rel}","templated":true}]}}