{"id":597001,"date":"2025-06-01T00:04:37","date_gmt":"2025-05-31T22:04:37","guid":{"rendered":"https:\/\/lucacastelli.com\/prodotto\/rollomatic-g\/"},"modified":"2025-12-01T14:46:06","modified_gmt":"2025-12-01T13:46:06","slug":"rollomatic-g","status":"publish","type":"product","link":"https:\/\/lucacastelli.com\/de\/produkt\/rollomatic-g\/","title":{"rendered":"Rollomatic G"},"content":{"rendered":"<p>Ausgestattet mit einem Wasserversorgungssystem in der Schiene und auch im Umlenkstern. Speziell f\u00fcr die GS 461 entwickelt, Schiene mit einer zweiten Bohrung zur Erweiterung des Spannbereichs, geh\u00e4rtete Kettenf\u00fchrung.<br \/>\n795711896164 <\/p>\n<p>L\u00e4nge der Stange 40cm\/16&#8243;<br \/>\nBreite der Rille<\/p>\n<p>Indexsternteilung Indexsternteilung<br \/>\nIndexsternnummer 14<\/p>\n","protected":false},"excerpt":{"rendered":"<p>Rollomatic G<\/p>\n","protected":false},"featured_media":469084,"template":"","meta":{"_seopress_robots_primary_cat":"","_seopress_titles_title":"","_seopress_titles_desc":"","_seopress_robots_index":""},"product_brand":[3554],"product_cat":[1618,1612,169],"product_tag":[3266],"class_list":{"0":"post-597001","1":"product","2":"type-product","3":"status-publish","4":"has-post-thumbnail","6":"product_brand-stihl-de","7":"product_cat-fuhrungsschienen","8":"product_cat-kettensagen","9":"product_cat-maschinen","10":"product_tag-import-stihl-de","11":"sws-gruppo-macchinari-de","12":"sws-conto-ricavi-merci-rivendita-macchinari-de","13":"sws-gruppo-iva-iva81-de","15":"first","16":"onbackorder","17":"purchasable","18":"product-type-simple"},"_links":{"self":[{"href":"https:\/\/lucacastelli.com\/de\/wp-json\/wp\/v2\/product\/597001","targetHints":{"allow":["GET"]}}],"collection":[{"href":"https:\/\/lucacastelli.com\/de\/wp-json\/wp\/v2\/product"}],"about":[{"href":"https:\/\/lucacastelli.com\/de\/wp-json\/wp\/v2\/types\/product"}],"wp:featuredmedia":[{"embeddable":true,"href":"https:\/\/lucacastelli.com\/de\/wp-json\/wp\/v2\/media\/469084"}],"wp:attachment":[{"href":"https:\/\/lucacastelli.com\/de\/wp-json\/wp\/v2\/media?parent=597001"}],"wp:term":[{"taxonomy":"product_brand","embeddable":true,"href":"https:\/\/lucacastelli.com\/de\/wp-json\/wp\/v2\/product_brand?post=597001"},{"taxonomy":"product_cat","embeddable":true,"href":"https:\/\/lucacastelli.com\/de\/wp-json\/wp\/v2\/product_cat?post=597001"},{"taxonomy":"product_tag","embeddable":true,"href":"https:\/\/lucacastelli.com\/de\/wp-json\/wp\/v2\/product_tag?post=597001"}],"curies":[{"name":"wp","href":"https:\/\/api.w.org\/{rel}","templated":true}]}}