{"id":596995,"date":"2025-06-01T00:03:14","date_gmt":"2025-05-31T22:03:14","guid":{"rendered":"https:\/\/lucacastelli.com\/prodotto\/stihl-rollomatic-e-mini-light-35-cm-1-1-3-8-peak\/"},"modified":"2025-08-12T13:58:38","modified_gmt":"2025-08-12T11:58:38","slug":"stihl-rollomatic-e-mini-light-35-cm-1-1-3-8-peak","status":"publish","type":"product","link":"https:\/\/lucacastelli.com\/de\/produkt\/stihl-rollomatic-e-mini-light-35-cm-1-1-3-8-peak\/","title":{"rendered":"STIHL Rollomatic E Mini Light, 35 cm 1.1 3\/8&#8243; Peak"},"content":{"rendered":"<p>Leichte Schiene f\u00fcr leichte Kettens\u00e4gen und Astscheren. Im Vergleich zu herk\u00f6mmlichen Schienen desselben Typs bietet sie eine vorteilhafte Gewichtsreduzierung von bis zu 25 % (bei 35 cm L\u00e4nge). F\u00fcr leichteres Arbeiten mit Astscheren oder bei der Ernte von Weichholz. Erh\u00e4ltlich in L\u00e4ngen von 25, 30 und 35 cm.<br \/>\n795711380090   <\/p>\n<p>Kegelradteilung 9,32mm\/3\/8 &#8220;P<br \/>\nNutbreite<\/p>\n<p>Anschluss der F\u00fchrungsstange Anschluss der F\u00fchrungsstange<br \/>\nAnzahl der Umlenksterne 7<br \/>\nL\u00e4nge der F\u00fchrungsstange 35cm\/14&#8221;<\/p>\n","protected":false},"excerpt":{"rendered":"<p>Rollomatic E Mini Light, 35 cm 1.1 3\/8&#8243; Spitze<\/p>\n","protected":false},"featured_media":429534,"template":"","meta":{"_seopress_robots_primary_cat":"","_seopress_titles_title":"","_seopress_titles_desc":"","_seopress_robots_index":""},"product_brand":[3554],"product_cat":[1618,1612,169],"product_tag":[3266],"class_list":{"0":"post-596995","1":"product","2":"type-product","3":"status-publish","4":"has-post-thumbnail","6":"product_brand-stihl-de","7":"product_cat-fuhrungsschienen","8":"product_cat-kettensagen","9":"product_cat-maschinen","10":"product_tag-import-stihl-de","11":"sws-gruppo-macchinari-de","12":"sws-conto-ricavi-merci-rivendita-macchinari-de","13":"sws-gruppo-iva-iva81-de","15":"first","16":"onbackorder","17":"purchasable","18":"product-type-simple"},"_links":{"self":[{"href":"https:\/\/lucacastelli.com\/de\/wp-json\/wp\/v2\/product\/596995","targetHints":{"allow":["GET"]}}],"collection":[{"href":"https:\/\/lucacastelli.com\/de\/wp-json\/wp\/v2\/product"}],"about":[{"href":"https:\/\/lucacastelli.com\/de\/wp-json\/wp\/v2\/types\/product"}],"wp:featuredmedia":[{"embeddable":true,"href":"https:\/\/lucacastelli.com\/de\/wp-json\/wp\/v2\/media\/429534"}],"wp:attachment":[{"href":"https:\/\/lucacastelli.com\/de\/wp-json\/wp\/v2\/media?parent=596995"}],"wp:term":[{"taxonomy":"product_brand","embeddable":true,"href":"https:\/\/lucacastelli.com\/de\/wp-json\/wp\/v2\/product_brand?post=596995"},{"taxonomy":"product_cat","embeddable":true,"href":"https:\/\/lucacastelli.com\/de\/wp-json\/wp\/v2\/product_cat?post=596995"},{"taxonomy":"product_tag","embeddable":true,"href":"https:\/\/lucacastelli.com\/de\/wp-json\/wp\/v2\/product_tag?post=596995"}],"curies":[{"name":"wp","href":"https:\/\/api.w.org\/{rel}","templated":true}]}}