{"id":596992,"date":"2025-06-01T00:02:55","date_gmt":"2025-05-31T22:02:55","guid":{"rendered":"https:\/\/lucacastelli.com\/prodotto\/stihl-rollomatic-e-light-40cm-13-3-8-spitze\/"},"modified":"2025-08-12T13:58:21","modified_gmt":"2025-08-12T11:58:21","slug":"stihl-rollomatic-e-light-40cm-13-3-8-spitze","status":"publish","type":"product","link":"https:\/\/lucacastelli.com\/de\/produkt\/stihl-rollomatic-e-light-40cm-13-3-8-spitze\/","title":{"rendered":"STIHL Rollomatic E Light, 40cm 1,3 3\/8&#8243; Spitze"},"content":{"rendered":"<p>Der K\u00f6rper dieser leichten Stange besteht aus drei elektrogeschwei\u00dften, weitgehend hohlen Stahlplatten. Die hohlen Teile sind mit glasfaserverst\u00e4rktem Polyamid umspritzt. Ergebnis: 30 % Gewichtsreduzierung.<br \/>\n795711339258  <\/p>\n<p>Kegelradteilung 9,32mm\/3\/8 &#8220;P<br \/>\nNutbreite<\/p>\n<p>Anschluss der F\u00fchrungsstange Anschluss der F\u00fchrungsstange<br \/>\nAnzahl der Umlenksterne 9<br \/>\nL\u00e4nge der F\u00fchrungsstange 40cm\/16&#8221;<\/p>\n","protected":false},"excerpt":{"rendered":"<p>Rollomatic E Light, 40cm 1.3 3\/8&#8243; Peak<\/p>\n","protected":false},"featured_media":429510,"template":"","meta":{"_seopress_robots_primary_cat":"","_seopress_titles_title":"","_seopress_titles_desc":"","_seopress_robots_index":""},"product_brand":[3366],"product_cat":[29,268,524],"product_tag":[3265],"class_list":{"0":"post-596992","1":"product","2":"type-product","3":"status-publish","4":"has-post-thumbnail","6":"product_brand-stihl","7":"product_cat-macchinari","8":"product_cat-motoseghe","9":"product_cat-spranghe-guida","10":"product_tag-import-stihl","11":"sws-gruppo-macchinari-de","12":"sws-conto-ricavi-merci-rivendita-macchinari-de","13":"sws-gruppo-iva-iva81-de","15":"first","16":"onbackorder","17":"purchasable","18":"product-type-simple"},"_links":{"self":[{"href":"https:\/\/lucacastelli.com\/de\/wp-json\/wp\/v2\/product\/596992","targetHints":{"allow":["GET"]}}],"collection":[{"href":"https:\/\/lucacastelli.com\/de\/wp-json\/wp\/v2\/product"}],"about":[{"href":"https:\/\/lucacastelli.com\/de\/wp-json\/wp\/v2\/types\/product"}],"wp:featuredmedia":[{"embeddable":true,"href":"https:\/\/lucacastelli.com\/de\/wp-json\/wp\/v2\/media\/429510"}],"wp:attachment":[{"href":"https:\/\/lucacastelli.com\/de\/wp-json\/wp\/v2\/media?parent=596992"}],"wp:term":[{"taxonomy":"product_brand","embeddable":true,"href":"https:\/\/lucacastelli.com\/de\/wp-json\/wp\/v2\/product_brand?post=596992"},{"taxonomy":"product_cat","embeddable":true,"href":"https:\/\/lucacastelli.com\/de\/wp-json\/wp\/v2\/product_cat?post=596992"},{"taxonomy":"product_tag","embeddable":true,"href":"https:\/\/lucacastelli.com\/de\/wp-json\/wp\/v2\/product_tag?post=596992"}],"curies":[{"name":"wp","href":"https:\/\/api.w.org\/{rel}","templated":true}]}}