{"id":596966,"date":"2025-05-31T23:01:43","date_gmt":"2025-05-31T21:01:43","guid":{"rendered":"https:\/\/lucacastelli.com\/prodotto\/stihl-3-8-rapid-hexa-rh-16-mm-80-cm\/"},"modified":"2025-08-12T13:58:06","modified_gmt":"2025-08-12T11:58:06","slug":"stihl-3-8-rapid-hexa-rh-16-mm-80-cm","status":"publish","type":"product","link":"https:\/\/lucacastelli.com\/de\/produkt\/stihl-3-8-rapid-hexa-rh-16-mm-80-cm\/","title":{"rendered":"STIHL 3\/8&#8243; Rapid Hexa (RH), 1,6 mm, 80 cm"},"content":{"rendered":"<p>div<br \/>\npDank der innovativen Konstruktion der Z\u00e4hne und der d\u00fcnnen Schneidfuge erreicht die STIHL 3\/8&#8243; Rapid Hexa Kette mit Vollmei\u00dfelz\u00e4hnen eine extrem hohe Schnittleistung. Die neue, innovative Kette f\u00fcr STIHL Motors\u00e4gen ist eine ausgezeichnete Wahl f\u00fcr professionelle Baumf\u00e4ller und Landwirte, die B\u00e4ume noch schneller f\u00e4llen und beschneiden wollen. Die Vorteile dieser Kette zeigen sich vor allem beim Schneiden quer zur Holzmaserung.\/p<br \/>\npDie STIHL Rapid Hexa Kette basiert auf dem exklusiven, patentierten STIHL HEXA System, bei dem Hexa-Z\u00e4hne und Feilen aufeinander abgestimmt sind, um ein schnelles, einfaches und pr\u00e4zises Sch\u00e4rfen zu erm\u00f6glichen. So kannst du schneller s\u00e4gen und daf\u00fcr sorgen, dass die Kette mit Vollmei\u00dfelz\u00e4hnen l\u00e4nger scharf bleibt. Au\u00dferdem vermeidet das HEXA-System das Feilen in den F\u00fchrungs- und Verbindungsgliedern und minimiert so das Risiko von Kettenbr\u00fcchen. Dank dieses Systems k\u00f6nnen auch unerfahrene Benutzer mit einem nahezu idealen Winkel sch\u00e4rfen. Diese Eigenschaften verleihen der STIHL 3\/8&#8243; Rapid Hexa 3 Kette eine deutlich l\u00e4ngere Lebensdauer und Nutzung.\/pp<br \/>\nDie hohe Schnittqualit\u00e4t, die durch die Vollkornz\u00e4hne der Rapid Hexa Kette gew\u00e4hrleistet wird, bedeutet, dass immer saubere und pr\u00e4zise Schnitte m\u00f6glich sind. So kannst du zum Beispiel mit der MS 462 Kettens\u00e4ge effizient B\u00e4ume f\u00e4llen und selbst das dickste Holz mit h\u00f6chster Pr\u00e4zision durchschneiden. Dank der verringerten Schwingungsneigung kannst du die Kettens\u00e4ge pr\u00e4zise positionieren und sicher durch das Holz fahren.\/ppDie Hexa-Kette kann nur mit der Hexa-Feile gesch\u00e4rft werden.\/p\/div<br \/>\n886661715725<\/p>\n<p>Kettenteilung 9,32mm\/3\/8&#8243;<br \/>\nDicke der F\u00fchrungsglieder<\/p>\n<p>L\u00e4nge der Stange L\u00e4nge der Stange<\/p>\n","protected":false},"excerpt":{"rendered":"<p>3\/8&#8243; Rapid Hexa (RH), 1,6 mm, 80 cm<\/p>\n","protected":false},"featured_media":423750,"template":"","meta":{"_seopress_robots_primary_cat":"","_seopress_titles_title":"","_seopress_titles_desc":"","_seopress_robots_index":""},"product_brand":[3366],"product_cat":[29,268,504],"product_tag":[3265],"class_list":{"0":"post-596966","1":"product","2":"type-product","3":"status-publish","4":"has-post-thumbnail","6":"product_brand-stihl","7":"product_cat-macchinari","8":"product_cat-motoseghe","9":"product_cat-catene-e-rotoli","10":"product_tag-import-stihl","11":"sws-gruppo-macchinari","12":"sws-conto-ricavi-merci-rivendita-macchinari","13":"sws-gruppo-iva-iva81","15":"first","16":"onbackorder","17":"purchasable","18":"product-type-simple"},"_links":{"self":[{"href":"https:\/\/lucacastelli.com\/de\/wp-json\/wp\/v2\/product\/596966","targetHints":{"allow":["GET"]}}],"collection":[{"href":"https:\/\/lucacastelli.com\/de\/wp-json\/wp\/v2\/product"}],"about":[{"href":"https:\/\/lucacastelli.com\/de\/wp-json\/wp\/v2\/types\/product"}],"wp:featuredmedia":[{"embeddable":true,"href":"https:\/\/lucacastelli.com\/de\/wp-json\/wp\/v2\/media\/423750"}],"wp:attachment":[{"href":"https:\/\/lucacastelli.com\/de\/wp-json\/wp\/v2\/media?parent=596966"}],"wp:term":[{"taxonomy":"product_brand","embeddable":true,"href":"https:\/\/lucacastelli.com\/de\/wp-json\/wp\/v2\/product_brand?post=596966"},{"taxonomy":"product_cat","embeddable":true,"href":"https:\/\/lucacastelli.com\/de\/wp-json\/wp\/v2\/product_cat?post=596966"},{"taxonomy":"product_tag","embeddable":true,"href":"https:\/\/lucacastelli.com\/de\/wp-json\/wp\/v2\/product_tag?post=596966"}],"curies":[{"name":"wp","href":"https:\/\/api.w.org\/{rel}","templated":true}]}}