{"id":596828,"date":"2025-06-01T02:35:09","date_gmt":"2025-06-01T00:35:09","guid":{"rendered":"https:\/\/lucacastelli.com\/prodotto\/kettensaegen-tasche\/"},"modified":"2025-08-29T20:36:09","modified_gmt":"2025-08-29T18:36:09","slug":"kettensaegen-tasche","status":"publish","type":"product","link":"https:\/\/lucacastelli.com\/de\/produkt\/kettensaegen-tasche\/","title":{"rendered":"Kettens\u00e4gen-Tasche"},"content":{"rendered":"<p>F\u00fcr den Transport und die Aufbewahrung der Kettens\u00e4ge, die mit einer Schiene bis zu 45 cm L\u00e4nge ausgestattet ist.<br \/>\n795711258979<\/p>\n","protected":false},"excerpt":{"rendered":"<p>Kettens\u00e4gen-Tasche<\/p>\n","protected":false},"featured_media":482181,"template":"","meta":{"_seopress_robots_primary_cat":"","_seopress_titles_title":"","_seopress_titles_desc":"","_seopress_robots_index":""},"product_brand":[3554],"product_cat":[1615,1612,169,1616],"product_tag":[3266],"class_list":{"0":"post-596828","1":"product","2":"type-product","3":"status-publish","4":"has-post-thumbnail","6":"product_brand-stihl-de","7":"product_cat-akku-kettensagen","8":"product_cat-kettensagen","9":"product_cat-maschinen","10":"product_cat-motor-kettensagen","11":"product_tag-import-stihl-de","12":"sws-gruppo-abb-libero-de","13":"sws-conto-ricavi-merci-rivendita-abbigliamento-de","14":"sws-gruppo-iva-iva81-de","16":"first","17":"onbackorder","18":"purchasable","19":"product-type-simple"},"_links":{"self":[{"href":"https:\/\/lucacastelli.com\/de\/wp-json\/wp\/v2\/product\/596828","targetHints":{"allow":["GET"]}}],"collection":[{"href":"https:\/\/lucacastelli.com\/de\/wp-json\/wp\/v2\/product"}],"about":[{"href":"https:\/\/lucacastelli.com\/de\/wp-json\/wp\/v2\/types\/product"}],"wp:featuredmedia":[{"embeddable":true,"href":"https:\/\/lucacastelli.com\/de\/wp-json\/wp\/v2\/media\/482181"}],"wp:attachment":[{"href":"https:\/\/lucacastelli.com\/de\/wp-json\/wp\/v2\/media?parent=596828"}],"wp:term":[{"taxonomy":"product_brand","embeddable":true,"href":"https:\/\/lucacastelli.com\/de\/wp-json\/wp\/v2\/product_brand?post=596828"},{"taxonomy":"product_cat","embeddable":true,"href":"https:\/\/lucacastelli.com\/de\/wp-json\/wp\/v2\/product_cat?post=596828"},{"taxonomy":"product_tag","embeddable":true,"href":"https:\/\/lucacastelli.com\/de\/wp-json\/wp\/v2\/product_tag?post=596828"}],"curies":[{"name":"wp","href":"https:\/\/api.w.org\/{rel}","templated":true}]}}