{"id":596824,"date":"2025-06-01T02:37:18","date_gmt":"2025-06-01T00:37:18","guid":{"rendered":"https:\/\/lucacastelli.com\/prodotto\/marker-pro-gelb\/"},"modified":"2025-11-16T13:31:27","modified_gmt":"2025-11-16T12:31:27","slug":"marker-pro-gelb","status":"publish","type":"product","link":"https:\/\/lucacastelli.com\/de\/produkt\/marker-pro-gelb\/","title":{"rendered":"Marker PRO, gelb"},"content":{"rendered":"<p>Forstwirtschaftskreide zum Markieren, erh\u00e4ltlich in verschiedenen Farben. F\u00fcr trockenes oder nasses Holz. Packungen mit 12 St\u00fcck.<br \/>\n795711001988  <\/p>\n","protected":false},"excerpt":{"rendered":"<p>Marker PRO, gelb<\/p>\n","protected":false},"featured_media":482347,"template":"","meta":{"_seopress_robots_primary_cat":"","_seopress_titles_title":"","_seopress_titles_desc":"","_seopress_robots_index":""},"product_brand":[3554],"product_cat":[1700,169],"product_tag":[3266],"class_list":{"0":"post-596824","1":"product","2":"type-product","3":"status-publish","4":"has-post-thumbnail","6":"product_brand-stihl-de","7":"product_cat-forstwirtschaftliche-werkzeuge-und-zubehor","8":"product_cat-maschinen","9":"product_tag-import-stihl-de","10":"sws-gruppo-macchinari-de","11":"sws-conto-ricavi-merci-rivendita-macchinari-de","12":"sws-gruppo-iva-iva81-de","14":"first","15":"onbackorder","16":"purchasable","17":"product-type-simple"},"_links":{"self":[{"href":"https:\/\/lucacastelli.com\/de\/wp-json\/wp\/v2\/product\/596824","targetHints":{"allow":["GET"]}}],"collection":[{"href":"https:\/\/lucacastelli.com\/de\/wp-json\/wp\/v2\/product"}],"about":[{"href":"https:\/\/lucacastelli.com\/de\/wp-json\/wp\/v2\/types\/product"}],"wp:featuredmedia":[{"embeddable":true,"href":"https:\/\/lucacastelli.com\/de\/wp-json\/wp\/v2\/media\/482347"}],"wp:attachment":[{"href":"https:\/\/lucacastelli.com\/de\/wp-json\/wp\/v2\/media?parent=596824"}],"wp:term":[{"taxonomy":"product_brand","embeddable":true,"href":"https:\/\/lucacastelli.com\/de\/wp-json\/wp\/v2\/product_brand?post=596824"},{"taxonomy":"product_cat","embeddable":true,"href":"https:\/\/lucacastelli.com\/de\/wp-json\/wp\/v2\/product_cat?post=596824"},{"taxonomy":"product_tag","embeddable":true,"href":"https:\/\/lucacastelli.com\/de\/wp-json\/wp\/v2\/product_tag?post=596824"}],"curies":[{"name":"wp","href":"https:\/\/api.w.org\/{rel}","templated":true}]}}