{"id":596802,"date":"2025-06-01T02:39:36","date_gmt":"2025-06-01T00:39:36","guid":{"rendered":"https:\/\/lucacastelli.com\/prodotto\/stihl-standard-schutzbrille\/"},"modified":"2025-06-01T02:39:36","modified_gmt":"2025-06-01T00:39:36","slug":"stihl-standard-schutzbrille","status":"publish","type":"product","link":"https:\/\/lucacastelli.com\/de\/produkt\/stihl-standard-schutzbrille\/","title":{"rendered":"STIHL STANDARD Schutzbrille"},"content":{"rendered":"<p>Einteilige Schutzbrille. Hervorragende Sicht auch f\u00fcr Brillentr\u00e4gerinnen und Brillentr\u00e4ger. Seitliche Schilde, 100% UV-Schutz. Entspricht der EN 166. Gewicht 40,3 g.<br \/>\n886661921331    <\/p>\n","protected":false},"excerpt":{"rendered":"<p>STANDARD-Schutzbrille<\/p>\n","protected":false},"featured_media":425295,"template":"","meta":{"_seopress_robots_primary_cat":"","_seopress_titles_title":"","_seopress_titles_desc":"","_seopress_robots_index":""},"product_brand":[3366],"product_cat":[537,816],"product_tag":[3265],"class_list":{"0":"post-596802","1":"product","2":"type-product","3":"status-publish","4":"has-post-thumbnail","6":"product_brand-stihl","7":"product_cat-attrezzatura-da-lavoro","8":"product_cat-visiere-e-occhiali-protettivi","9":"product_tag-import-stihl","10":"sws-gruppo-abb-libero-de","11":"sws-conto-ricavi-merci-rivendita-abbigliamento-de","12":"sws-gruppo-iva-iva81-de","14":"first","15":"onbackorder","16":"purchasable","17":"product-type-simple"},"_links":{"self":[{"href":"https:\/\/lucacastelli.com\/de\/wp-json\/wp\/v2\/product\/596802","targetHints":{"allow":["GET"]}}],"collection":[{"href":"https:\/\/lucacastelli.com\/de\/wp-json\/wp\/v2\/product"}],"about":[{"href":"https:\/\/lucacastelli.com\/de\/wp-json\/wp\/v2\/types\/product"}],"wp:featuredmedia":[{"embeddable":true,"href":"https:\/\/lucacastelli.com\/de\/wp-json\/wp\/v2\/media\/425295"}],"wp:attachment":[{"href":"https:\/\/lucacastelli.com\/de\/wp-json\/wp\/v2\/media?parent=596802"}],"wp:term":[{"taxonomy":"product_brand","embeddable":true,"href":"https:\/\/lucacastelli.com\/de\/wp-json\/wp\/v2\/product_brand?post=596802"},{"taxonomy":"product_cat","embeddable":true,"href":"https:\/\/lucacastelli.com\/de\/wp-json\/wp\/v2\/product_cat?post=596802"},{"taxonomy":"product_tag","embeddable":true,"href":"https:\/\/lucacastelli.com\/de\/wp-json\/wp\/v2\/product_tag?post=596802"}],"curies":[{"name":"wp","href":"https:\/\/api.w.org\/{rel}","templated":true}]}}