{"id":596795,"date":"2025-06-01T02:39:55","date_gmt":"2025-06-01T00:39:55","guid":{"rendered":"https:\/\/lucacastelli.com\/prodotto\/stihl-dynamic-bt-schutzohrhoerer\/"},"modified":"2025-06-01T02:39:55","modified_gmt":"2025-06-01T00:39:55","slug":"stihl-dynamic-bt-schutzohrhoerer","status":"publish","type":"product","link":"https:\/\/lucacastelli.com\/de\/produkt\/stihl-dynamic-bt-schutzohrhoerer\/","title":{"rendered":"STIHL DYNAMIC BT Schutzohrh\u00f6rer"},"content":{"rendered":"<p>pDas STIHL DYNAMIC Sound Headset reduziert hohe L\u00e4rmemissionen, um dein Geh\u00f6r bei der Arbeit zu sch\u00fctzen. Dank Bluetooth\u00ae kannst du die Funktionen deines Smartphones w\u00e4hrend der Arbeit nutzen. Mit einer aktiven Bluetooth\u00ae-Verbindung musst du dein Ger\u00e4t nicht aus der Tasche nehmen, um zu telefonieren oder Musik zu h\u00f6ren. Die Akkulaufzeit der STIHL Headsets betr\u00e4gt bis zu 38 Stunden. Das STIHL DYNAMIC Sound Headset verf\u00fcgt \u00fcber einen separaten AUX-Eingang f\u00fcr den Anschluss von nicht Bluetooth\u00ae-f\u00e4higen Ger\u00e4ten.\/ppZus\u00e4tzliche Informationen:\/pulliSicherheitsanforderungen: EN 352\/liliGeh\u00f6rschutz: SNR 29 (H: 33, M: 26, L: 18)\/li\/ul<br \/>\n886661450282<\/p>\n<p>D\u00e4mmwert 29<br \/>\nH-Wert<\/p>\n<p>Wert M Wert M<br \/>\nWert L 18<br \/>\nGr\u00f6\u00dfe SML<\/p>\n","protected":false},"excerpt":{"rendered":"<p>DYNAMIC BT Schutzkopfh\u00f6rer<\/p>\n","protected":false},"featured_media":425339,"template":"","meta":{"_seopress_robots_primary_cat":"","_seopress_titles_title":"","_seopress_titles_desc":"","_seopress_robots_index":""},"product_brand":[3554],"product_cat":[1396,150,1404],"product_tag":[3266],"class_list":{"0":"post-596795","1":"product","2":"type-product","3":"status-publish","4":"has-post-thumbnail","6":"product_brand-stihl-de","7":"product_cat-arbeitsausrustung","8":"product_cat-ausrustung","9":"product_cat-helme","10":"product_tag-import-stihl-de","11":"sws-gruppo-abb-libero-de","12":"sws-conto-ricavi-merci-rivendita-abbigliamento-de","13":"sws-gruppo-iva-iva81-de","15":"first","16":"onbackorder","17":"purchasable","18":"product-type-simple"},"_links":{"self":[{"href":"https:\/\/lucacastelli.com\/de\/wp-json\/wp\/v2\/product\/596795","targetHints":{"allow":["GET"]}}],"collection":[{"href":"https:\/\/lucacastelli.com\/de\/wp-json\/wp\/v2\/product"}],"about":[{"href":"https:\/\/lucacastelli.com\/de\/wp-json\/wp\/v2\/types\/product"}],"wp:featuredmedia":[{"embeddable":true,"href":"https:\/\/lucacastelli.com\/de\/wp-json\/wp\/v2\/media\/425339"}],"wp:attachment":[{"href":"https:\/\/lucacastelli.com\/de\/wp-json\/wp\/v2\/media?parent=596795"}],"wp:term":[{"taxonomy":"product_brand","embeddable":true,"href":"https:\/\/lucacastelli.com\/de\/wp-json\/wp\/v2\/product_brand?post=596795"},{"taxonomy":"product_cat","embeddable":true,"href":"https:\/\/lucacastelli.com\/de\/wp-json\/wp\/v2\/product_cat?post=596795"},{"taxonomy":"product_tag","embeddable":true,"href":"https:\/\/lucacastelli.com\/de\/wp-json\/wp\/v2\/product_tag?post=596795"}],"curies":[{"name":"wp","href":"https:\/\/api.w.org\/{rel}","templated":true}]}}