{"id":596792,"date":"2025-06-01T02:39:59","date_gmt":"2025-06-01T00:39:59","guid":{"rendered":"https:\/\/lucacastelli.com\/prodotto\/stihl-dynamic-sound-pc-kunststoffvisierprotektor\/"},"modified":"2025-06-01T02:39:59","modified_gmt":"2025-06-01T00:39:59","slug":"stihl-dynamic-sound-pc-kunststoffvisierprotektor","status":"publish","type":"product","link":"https:\/\/lucacastelli.com\/de\/produkt\/stihl-dynamic-sound-pc-kunststoffvisierprotektor\/","title":{"rendered":"STIHL DYNAMIC Sound PC-Kunststoffvisierprotektor"},"content":{"rendered":"<p>pDer STIHL DYNAMIC Sound PC Gesichts- und Geh\u00f6rschutz sch\u00fctzt dich bei anspruchsvollen Arbeiten. Das vergr\u00f6\u00dferte Visier des DYNAMIC Sound PC bietet ein weites Sichtfeld und sorgt f\u00fcr eine klare Sicht. Das gepolsterte Kopfband dieses STIHL Gesichts- und Geh\u00f6rschutzes sorgt f\u00fcr hohen Tragekomfort. Die integrierten Ohrkappen sch\u00fctzen effektiv vor hohen L\u00e4rmemissionen und der zus\u00e4tzliche Gesichtsschutzschild sch\u00fctzt vor Splittern oder kleinen umherfliegenden Steinen.\/ppDer STIHL DYNAMIC Sound PC Protektor hat ein Polycarbonatvisier mit einer Anti-Beschlag-Beschichtung auf der Innenseite, die jederzeit f\u00fcr gute Sicht sorgt. Mit 100 % UV-Schutz ist dieses Modell der STIHL DYNAMIC Gesichts- und Geh\u00f6rschutzserie besonders f\u00fcr die Arbeit bei starker Sonneneinstrahlung geeignet. Dar\u00fcber hinaus kannst du von der Bluetooth\u00ae Technologie profitieren. Verbinde einfach dein Smartphone per Bluetooth\u00ae mit dem Geh\u00f6rschutz und telefoniere oder h\u00f6re Musik, ohne dein Ger\u00e4t aus der Tasche nehmen zu m\u00fcssen.\/ppF\u00fcr alle Arbeiten mit Freischneidern, Heckenscheren, Gebl\u00e4sen, Spr\u00fchger\u00e4ten und Rasenm\u00e4hern musst du auch einen Augenschutz tragen (Schutzbrille, die den Sicherheitsanforderungen der EN 166 entspricht).\/ppZus\u00e4tzliche Informationen:\/pulliGeh\u00f6rschutz: SNR 26 (H: 31, M: 23, L: 15)\/liliSicherheitsanforderungen: EN 166, EN 352\/li\/ul<br \/>\n886661450374<\/p>\n<p>D\u00e4mmwert 26<br \/>\nH-Wert<\/p>\n<p>M-Wert<br \/>\nL-Wert 15<\/p>\n","protected":false},"excerpt":{"rendered":"<p>Schutz mit DYNAMIC Sound PC-Kunststoffvisier<\/p>\n","protected":false},"featured_media":437969,"template":"","meta":{"_seopress_robots_primary_cat":"","_seopress_titles_title":"","_seopress_titles_desc":"","_seopress_robots_index":""},"product_brand":[3366],"product_cat":[33,537,815],"product_tag":[3265],"class_list":{"0":"post-596792","1":"product","2":"type-product","3":"status-publish","4":"has-post-thumbnail","6":"product_brand-stihl","7":"product_cat-attrezzature","8":"product_cat-attrezzatura-da-lavoro","9":"product_cat-caschi","10":"product_tag-import-stihl","11":"sws-gruppo-macchinari-de","12":"sws-conto-ricavi-merci-rivendita-macchinari-de","13":"sws-gruppo-iva-iva81-de","15":"first","16":"onbackorder","17":"sale","18":"purchasable","19":"product-type-simple"},"_links":{"self":[{"href":"https:\/\/lucacastelli.com\/de\/wp-json\/wp\/v2\/product\/596792","targetHints":{"allow":["GET"]}}],"collection":[{"href":"https:\/\/lucacastelli.com\/de\/wp-json\/wp\/v2\/product"}],"about":[{"href":"https:\/\/lucacastelli.com\/de\/wp-json\/wp\/v2\/types\/product"}],"wp:featuredmedia":[{"embeddable":true,"href":"https:\/\/lucacastelli.com\/de\/wp-json\/wp\/v2\/media\/437969"}],"wp:attachment":[{"href":"https:\/\/lucacastelli.com\/de\/wp-json\/wp\/v2\/media?parent=596792"}],"wp:term":[{"taxonomy":"product_brand","embeddable":true,"href":"https:\/\/lucacastelli.com\/de\/wp-json\/wp\/v2\/product_brand?post=596792"},{"taxonomy":"product_cat","embeddable":true,"href":"https:\/\/lucacastelli.com\/de\/wp-json\/wp\/v2\/product_cat?post=596792"},{"taxonomy":"product_tag","embeddable":true,"href":"https:\/\/lucacastelli.com\/de\/wp-json\/wp\/v2\/product_tag?post=596792"}],"curies":[{"name":"wp","href":"https:\/\/api.w.org\/{rel}","templated":true}]}}