{"id":596786,"date":"2025-06-01T02:40:17","date_gmt":"2025-06-01T00:40:17","guid":{"rendered":"https:\/\/lucacastelli.com\/prodotto\/stihl-concept-gehoerschutz-headset\/"},"modified":"2025-06-01T02:40:17","modified_gmt":"2025-06-01T00:40:17","slug":"stihl-concept-gehoerschutz-headset","status":"publish","type":"product","link":"https:\/\/lucacastelli.com\/de\/produkt\/stihl-concept-gehoerschutz-headset\/","title":{"rendered":"STIHL Concept Geh\u00f6rschutz Headset"},"content":{"rendered":"<p>Extrem leichter Kapselgeh\u00f6rschutz. Mit elastischem B\u00fcgel und weichen Ohrpolstern. Entspricht der EN 352. Gewicht 173,9.<br \/>\n886661928095   <\/p>\n<p>D\u00e4mmwert 26<br \/>\nH-Wert<\/p>\n<p>Wert M Wert M<br \/>\nWert L 15<br \/>\nGr\u00f6\u00dfe SML<\/p>\n","protected":false},"excerpt":{"rendered":"<p>Konzept Geh\u00f6rschutz Headset<\/p>\n","protected":false},"featured_media":425353,"template":"","meta":{"_seopress_robots_primary_cat":"","_seopress_titles_title":"","_seopress_titles_desc":"","_seopress_robots_index":""},"product_brand":[3366],"product_cat":[537,815],"product_tag":[3265],"class_list":{"0":"post-596786","1":"product","2":"type-product","3":"status-publish","4":"has-post-thumbnail","6":"product_brand-stihl","7":"product_cat-attrezzatura-da-lavoro","8":"product_cat-caschi","9":"product_tag-import-stihl","10":"sws-gruppo-abb-libero-de","11":"sws-conto-ricavi-merci-rivendita-abbigliamento-de","12":"sws-gruppo-iva-iva81-de","14":"first","15":"onbackorder","16":"purchasable","17":"product-type-simple"},"_links":{"self":[{"href":"https:\/\/lucacastelli.com\/de\/wp-json\/wp\/v2\/product\/596786","targetHints":{"allow":["GET"]}}],"collection":[{"href":"https:\/\/lucacastelli.com\/de\/wp-json\/wp\/v2\/product"}],"about":[{"href":"https:\/\/lucacastelli.com\/de\/wp-json\/wp\/v2\/types\/product"}],"wp:featuredmedia":[{"embeddable":true,"href":"https:\/\/lucacastelli.com\/de\/wp-json\/wp\/v2\/media\/425353"}],"wp:attachment":[{"href":"https:\/\/lucacastelli.com\/de\/wp-json\/wp\/v2\/media?parent=596786"}],"wp:term":[{"taxonomy":"product_brand","embeddable":true,"href":"https:\/\/lucacastelli.com\/de\/wp-json\/wp\/v2\/product_brand?post=596786"},{"taxonomy":"product_cat","embeddable":true,"href":"https:\/\/lucacastelli.com\/de\/wp-json\/wp\/v2\/product_cat?post=596786"},{"taxonomy":"product_tag","embeddable":true,"href":"https:\/\/lucacastelli.com\/de\/wp-json\/wp\/v2\/product_tag?post=596786"}],"curies":[{"name":"wp","href":"https:\/\/api.w.org\/{rel}","templated":true}]}}