{"id":596782,"date":"2025-06-01T02:40:18","date_gmt":"2025-06-01T00:40:18","guid":{"rendered":"https:\/\/lucacastelli.com\/prodotto\/stihl-concept-24-gehoerschutz-headset\/"},"modified":"2025-06-01T02:40:18","modified_gmt":"2025-06-01T00:40:18","slug":"stihl-concept-24-gehoerschutz-headset","status":"publish","type":"product","link":"https:\/\/lucacastelli.com\/de\/produkt\/stihl-concept-24-gehoerschutz-headset\/","title":{"rendered":"STIHL Concept 24 Geh\u00f6rschutz Headset"},"content":{"rendered":"<p>pDie Kopfh\u00f6rer der STIHL Concept Serie sch\u00fctzen dich bei anspruchsvollen Arbeiten vor hohen L\u00e4rmpegeln. Dieser STIHL Kopfh\u00f6rer ist mit einem weichen Polster ausgestattet, das hohen Komfort bietet. Die Kappen und das Kopfband des STIHL Concept-Kopfh\u00f6rers sind drehbar. Au\u00dferdem ist das Modell sehr leicht und f\u00fcr einen guten Sitz leicht verstellbar. Die Kopfh\u00f6rermodelle STIHL Concept 24 und 28 sind mit einem stabilen und atmungsaktiven Metallkopfband ausgestattet. Der STIHL Concept 24 F Kopfh\u00f6rer bietet dank seines gepolsterten Kopfb\u00fcgels einen hohen Tragekomfort. Au\u00dferdem sind diese Kopfh\u00f6rer faltbar, sodass sie leicht zu transportieren und zu verstauen sind.\/p<br \/>\n886661928101<\/p>\n<p>Isolationswert 24<br \/>\nH-Wert<\/p>\n<p>Wert M Wert M<br \/>\nWert L 15<br \/>\nGr\u00f6\u00dfe SML<\/p>\n","protected":false},"excerpt":{"rendered":"<p>Concept 24 Geh\u00f6rschutz Headset<\/p>\n","protected":false},"featured_media":425358,"template":"","meta":{"_seopress_robots_primary_cat":"","_seopress_titles_title":"","_seopress_titles_desc":"","_seopress_robots_index":""},"product_brand":[3366],"product_cat":[537,815],"product_tag":[3265],"class_list":{"0":"post-596782","1":"product","2":"type-product","3":"status-publish","4":"has-post-thumbnail","6":"product_brand-stihl","7":"product_cat-attrezzatura-da-lavoro","8":"product_cat-caschi","9":"product_tag-import-stihl","10":"sws-gruppo-abb-libero-de","11":"sws-conto-ricavi-merci-rivendita-abbigliamento-de","12":"sws-gruppo-iva-iva81-de","14":"first","15":"onbackorder","16":"purchasable","17":"product-type-simple"},"_links":{"self":[{"href":"https:\/\/lucacastelli.com\/de\/wp-json\/wp\/v2\/product\/596782","targetHints":{"allow":["GET"]}}],"collection":[{"href":"https:\/\/lucacastelli.com\/de\/wp-json\/wp\/v2\/product"}],"about":[{"href":"https:\/\/lucacastelli.com\/de\/wp-json\/wp\/v2\/types\/product"}],"wp:featuredmedia":[{"embeddable":true,"href":"https:\/\/lucacastelli.com\/de\/wp-json\/wp\/v2\/media\/425358"}],"wp:attachment":[{"href":"https:\/\/lucacastelli.com\/de\/wp-json\/wp\/v2\/media?parent=596782"}],"wp:term":[{"taxonomy":"product_brand","embeddable":true,"href":"https:\/\/lucacastelli.com\/de\/wp-json\/wp\/v2\/product_brand?post=596782"},{"taxonomy":"product_cat","embeddable":true,"href":"https:\/\/lucacastelli.com\/de\/wp-json\/wp\/v2\/product_cat?post=596782"},{"taxonomy":"product_tag","embeddable":true,"href":"https:\/\/lucacastelli.com\/de\/wp-json\/wp\/v2\/product_tag?post=596782"}],"curies":[{"name":"wp","href":"https:\/\/api.w.org\/{rel}","templated":true}]}}