{"id":596762,"date":"2025-06-01T02:40:25","date_gmt":"2025-06-01T00:40:25","guid":{"rendered":"https:\/\/lucacastelli.com\/prodotto\/stihl-hosentraeger-orange-120cm-an-knoepfen\/"},"modified":"2026-02-24T11:49:35","modified_gmt":"2026-02-24T10:49:35","slug":"stihl-hosentraeger-orange-120cm-an-knoepfen","status":"publish","type":"product","link":"https:\/\/lucacastelli.com\/de\/produkt\/stihl-hosentraeger-orange-120cm-an-knoepfen\/","title":{"rendered":"STIHL Hosentr\u00e4ger, orange, 120cm, an Kn\u00f6pfen"},"content":{"rendered":"<p>F\u00fcr Hosen, die an den Kn\u00f6pfen zu schlie\u00dfen sind. L\u00e4nge 120 cm.<br \/>\n795711008956 <\/p>\n","protected":false},"excerpt":{"rendered":"<p>Hosentr\u00e4ger, orange, 120cm, gekn\u00f6pft<\/p>\n","protected":false},"featured_media":425387,"template":"","meta":{"_seopress_robots_primary_cat":"","_seopress_titles_title":"","_seopress_titles_desc":"","_seopress_robots_index":""},"product_brand":[3366],"product_cat":[21,284,186],"product_tag":[3265],"class_list":{"0":"post-596762","1":"product","2":"type-product","3":"status-publish","4":"has-post-thumbnail","6":"product_brand-stihl","7":"product_cat-abbigliamento","8":"product_cat-abbigliamento-da-lavoro","9":"product_cat-accessori-per-labbigliamento","10":"product_tag-import-stihl","11":"sws-gruppo-abb-libero-de","12":"sws-conto-ricavi-merci-rivendita-abbigliamento-de","13":"sws-gruppo-iva-iva81-de","15":"first","16":"onbackorder","17":"purchasable","18":"product-type-simple"},"_links":{"self":[{"href":"https:\/\/lucacastelli.com\/de\/wp-json\/wp\/v2\/product\/596762","targetHints":{"allow":["GET"]}}],"collection":[{"href":"https:\/\/lucacastelli.com\/de\/wp-json\/wp\/v2\/product"}],"about":[{"href":"https:\/\/lucacastelli.com\/de\/wp-json\/wp\/v2\/types\/product"}],"wp:featuredmedia":[{"embeddable":true,"href":"https:\/\/lucacastelli.com\/de\/wp-json\/wp\/v2\/media\/425387"}],"wp:attachment":[{"href":"https:\/\/lucacastelli.com\/de\/wp-json\/wp\/v2\/media?parent=596762"}],"wp:term":[{"taxonomy":"product_brand","embeddable":true,"href":"https:\/\/lucacastelli.com\/de\/wp-json\/wp\/v2\/product_brand?post=596762"},{"taxonomy":"product_cat","embeddable":true,"href":"https:\/\/lucacastelli.com\/de\/wp-json\/wp\/v2\/product_cat?post=596762"},{"taxonomy":"product_tag","embeddable":true,"href":"https:\/\/lucacastelli.com\/de\/wp-json\/wp\/v2\/product_tag?post=596762"}],"curies":[{"name":"wp","href":"https:\/\/api.w.org\/{rel}","templated":true}]}}