{"id":596761,"date":"2025-06-01T02:40:24","date_gmt":"2025-06-01T00:40:24","guid":{"rendered":"https:\/\/lucacastelli.com\/prodotto\/stihl-advance-procom-gehoerschutz-headset\/"},"modified":"2025-06-01T02:40:24","modified_gmt":"2025-06-01T00:40:24","slug":"stihl-advance-procom-gehoerschutz-headset","status":"publish","type":"product","link":"https:\/\/lucacastelli.com\/de\/produkt\/stihl-advance-procom-gehoerschutz-headset\/","title":{"rendered":"STIHL ADVANCE ProCOM Geh\u00f6rschutz Headset"},"content":{"rendered":"<p>pMit dem STIHL ADVANCE ProCOM Kommunikationssystem sind Sie bei der Arbeit auch in lauten Umgebungen immer klar und effizient erreichbar. Der Geh\u00f6rschutz erm\u00f6glicht den direkten Anschluss von bis zu 15 weiteren Headsets mit einer Reichweite von bis zu 600 m. Die Ger\u00e4uschisolierung ist extrem hoch, da der L\u00e4rm der Ger\u00e4te durch eine ausreichende Filterung aktiv ged\u00e4mpft wird. \u00dcber eine Bluetooth\u00ae-Verbindung ist es zudem m\u00f6glich, verschiedene Smartphone-Funktionen zu nutzen, ohne das Ger\u00e4t aus der Tasche nehmen zu m\u00fcssen. Das ADVANCE ProCOM verbindet innovative Technologie mit einer besonders einfachen Bedienlogik. Probieren Sie es aus!\/p<br \/>\n886661574490<\/p>\n<p>Ger\u00e4tegewicht 0,4<br \/>\nIsolationswert Isolationswert<\/p>\n<p>H Wert<br \/>\nM Wert 29<br \/>\nL Wert 23<\/p>\n","protected":false},"excerpt":{"rendered":"<p>ADVANCE ProCOM Geh\u00f6rschutz Headset<\/p>\n","protected":false},"featured_media":425369,"template":"","meta":{"_seopress_robots_primary_cat":"","_seopress_titles_title":"","_seopress_titles_desc":"","_seopress_robots_index":""},"product_brand":[3366],"product_cat":[33,537,815],"product_tag":[3265],"class_list":{"0":"post-596761","1":"product","2":"type-product","3":"status-publish","4":"has-post-thumbnail","6":"product_brand-stihl","7":"product_cat-attrezzature","8":"product_cat-attrezzatura-da-lavoro","9":"product_cat-caschi","10":"product_tag-import-stihl","11":"sws-gruppo-abb-libero-de","12":"sws-conto-ricavi-merci-rivendita-abbigliamento-de","13":"sws-gruppo-iva-iva81-de","15":"first","16":"onbackorder","17":"purchasable","18":"product-type-simple"},"_links":{"self":[{"href":"https:\/\/lucacastelli.com\/de\/wp-json\/wp\/v2\/product\/596761","targetHints":{"allow":["GET"]}}],"collection":[{"href":"https:\/\/lucacastelli.com\/de\/wp-json\/wp\/v2\/product"}],"about":[{"href":"https:\/\/lucacastelli.com\/de\/wp-json\/wp\/v2\/types\/product"}],"wp:featuredmedia":[{"embeddable":true,"href":"https:\/\/lucacastelli.com\/de\/wp-json\/wp\/v2\/media\/425369"}],"wp:attachment":[{"href":"https:\/\/lucacastelli.com\/de\/wp-json\/wp\/v2\/media?parent=596761"}],"wp:term":[{"taxonomy":"product_brand","embeddable":true,"href":"https:\/\/lucacastelli.com\/de\/wp-json\/wp\/v2\/product_brand?post=596761"},{"taxonomy":"product_cat","embeddable":true,"href":"https:\/\/lucacastelli.com\/de\/wp-json\/wp\/v2\/product_cat?post=596761"},{"taxonomy":"product_tag","embeddable":true,"href":"https:\/\/lucacastelli.com\/de\/wp-json\/wp\/v2\/product_tag?post=596761"}],"curies":[{"name":"wp","href":"https:\/\/api.w.org\/{rel}","templated":true}]}}