{"id":596757,"date":"2025-06-01T02:40:22","date_gmt":"2025-06-01T00:40:22","guid":{"rendered":"https:\/\/lucacastelli.com\/prodotto\/stihl-concept-28-gehoerschutz-headset\/"},"modified":"2025-06-01T02:40:22","modified_gmt":"2025-06-01T00:40:22","slug":"stihl-concept-28-gehoerschutz-headset","status":"publish","type":"product","link":"https:\/\/lucacastelli.com\/de\/produkt\/stihl-concept-28-gehoerschutz-headset\/","title":{"rendered":"STIHL Concept 28 Geh\u00f6rschutz-Headset"},"content":{"rendered":"<p>Stabiler, atmungsaktiver Kapselgeh\u00f6rschutz aus Metall mit elastischem B\u00fcgel, weichen Ohrpolstern und SNR 28. Entspricht der Norm EN 352. Gewicht 241,1 g.<br \/>\n886661928125  <\/p>\n<p>Isolationswert 28<br \/>\nH-Wert<\/p>\n<p>Wert M Wert M<br \/>\nWert L 18<br \/>\nGr\u00f6\u00dfe SML<\/p>\n","protected":false},"excerpt":{"rendered":"<p>Concept 28 Geh\u00f6rschutz Headset<\/p>\n","protected":false},"featured_media":425364,"template":"","meta":{"_seopress_robots_primary_cat":"","_seopress_titles_title":"","_seopress_titles_desc":"","_seopress_robots_index":""},"product_brand":[3366],"product_cat":[537,815],"product_tag":[3265],"class_list":{"0":"post-596757","1":"product","2":"type-product","3":"status-publish","4":"has-post-thumbnail","6":"product_brand-stihl","7":"product_cat-attrezzatura-da-lavoro","8":"product_cat-caschi","9":"product_tag-import-stihl","10":"sws-gruppo-abb-libero-de","11":"sws-conto-ricavi-merci-rivendita-abbigliamento-de","12":"sws-gruppo-iva-iva81-de","14":"first","15":"onbackorder","16":"purchasable","17":"product-type-simple"},"_links":{"self":[{"href":"https:\/\/lucacastelli.com\/de\/wp-json\/wp\/v2\/product\/596757","targetHints":{"allow":["GET"]}}],"collection":[{"href":"https:\/\/lucacastelli.com\/de\/wp-json\/wp\/v2\/product"}],"about":[{"href":"https:\/\/lucacastelli.com\/de\/wp-json\/wp\/v2\/types\/product"}],"wp:featuredmedia":[{"embeddable":true,"href":"https:\/\/lucacastelli.com\/de\/wp-json\/wp\/v2\/media\/425364"}],"wp:attachment":[{"href":"https:\/\/lucacastelli.com\/de\/wp-json\/wp\/v2\/media?parent=596757"}],"wp:term":[{"taxonomy":"product_brand","embeddable":true,"href":"https:\/\/lucacastelli.com\/de\/wp-json\/wp\/v2\/product_brand?post=596757"},{"taxonomy":"product_cat","embeddable":true,"href":"https:\/\/lucacastelli.com\/de\/wp-json\/wp\/v2\/product_cat?post=596757"},{"taxonomy":"product_tag","embeddable":true,"href":"https:\/\/lucacastelli.com\/de\/wp-json\/wp\/v2\/product_tag?post=596757"}],"curies":[{"name":"wp","href":"https:\/\/api.w.org\/{rel}","templated":true}]}}