{"id":596704,"date":"2025-05-31T22:55:51","date_gmt":"2025-05-31T20:55:51","guid":{"rendered":"https:\/\/lucacastelli.com\/prodotto\/stihl-service-kit-39\/"},"modified":"2025-05-31T22:55:51","modified_gmt":"2025-05-31T20:55:51","slug":"stihl-service-kit-39","status":"publish","type":"product","link":"https:\/\/lucacastelli.com\/de\/produkt\/stihl-service-kit-39\/","title":{"rendered":"STIHL Service-Kit 39"},"content":{"rendered":"<p>Mit den Wartungspaketen f\u00fcr STIHL Benzingebl\u00e4se und -spritzen k\u00f6nnen Sie einfache Wartungsarbeiten selbst durchf\u00fchren. Jedes Set enth\u00e4lt eine Z\u00fcndkerze, einen Kraftstofffilter und einen Luftfilter. Mit einer vorausschauenden und regelm\u00e4\u00dfigen Standardwartung sch\u00fctzen Sie nicht nur Komponenten und Ger\u00e4teteile vor Verschmutzung oder Besch\u00e4digung, sondern erh\u00f6hen gleichzeitig die Lebensdauer Ihrer Motors\u00e4ge. Au\u00dfer dem Kombi-Schl\u00fcssel, den Sie bereits mit Ihrer STIHL Kettens\u00e4ge erhalten haben, ben\u00f6tigen Sie kein weiteres Werkzeug zur Wartung.   <\/p>\n<p>Verwendung f\u00fcr BR 500, BR 700<\/p>\n","protected":false},"excerpt":{"rendered":"<p>Wartungssatz 39<\/p>\n","protected":false},"featured_media":423602,"template":"","meta":{"_seopress_robots_primary_cat":"none","_seopress_titles_title":"","_seopress_titles_desc":"","_seopress_robots_index":""},"product_brand":[3366],"product_cat":[29,515],"product_tag":[3265],"class_list":{"0":"post-596704","1":"product","2":"type-product","3":"status-publish","4":"has-post-thumbnail","6":"product_brand-stihl","7":"product_cat-macchinari","8":"product_cat-accessori-e-materiale-di-consumo-altri-dispositivi","9":"product_tag-import-stihl","10":"sws-gruppo-macchinari-de","11":"sws-conto-ricavi-merci-rivendita-macchinari-de","12":"sws-gruppo-iva-iva81-de","14":"first","15":"onbackorder","16":"purchasable","17":"product-type-simple"},"_links":{"self":[{"href":"https:\/\/lucacastelli.com\/de\/wp-json\/wp\/v2\/product\/596704","targetHints":{"allow":["GET"]}}],"collection":[{"href":"https:\/\/lucacastelli.com\/de\/wp-json\/wp\/v2\/product"}],"about":[{"href":"https:\/\/lucacastelli.com\/de\/wp-json\/wp\/v2\/types\/product"}],"wp:featuredmedia":[{"embeddable":true,"href":"https:\/\/lucacastelli.com\/de\/wp-json\/wp\/v2\/media\/423602"}],"wp:attachment":[{"href":"https:\/\/lucacastelli.com\/de\/wp-json\/wp\/v2\/media?parent=596704"}],"wp:term":[{"taxonomy":"product_brand","embeddable":true,"href":"https:\/\/lucacastelli.com\/de\/wp-json\/wp\/v2\/product_brand?post=596704"},{"taxonomy":"product_cat","embeddable":true,"href":"https:\/\/lucacastelli.com\/de\/wp-json\/wp\/v2\/product_cat?post=596704"},{"taxonomy":"product_tag","embeddable":true,"href":"https:\/\/lucacastelli.com\/de\/wp-json\/wp\/v2\/product_tag?post=596704"}],"curies":[{"name":"wp","href":"https:\/\/api.w.org\/{rel}","templated":true}]}}