{"id":596696,"date":"2025-05-31T22:55:32","date_gmt":"2025-05-31T20:55:32","guid":{"rendered":"https:\/\/lucacastelli.com\/prodotto\/stihl-service-kit-38\/"},"modified":"2025-05-31T22:55:32","modified_gmt":"2025-05-31T20:55:32","slug":"stihl-service-kit-38","status":"publish","type":"product","link":"https:\/\/lucacastelli.com\/de\/produkt\/stihl-service-kit-38\/","title":{"rendered":"STIHL Service-Kit 38"},"content":{"rendered":"<p>Mit den STIHL Service Kits f\u00fcr Mixger\u00e4te k\u00f6nnen Sie einfache Wartungsarbeiten selbst durchf\u00fchren. Das Set enth\u00e4lt eine Z\u00fcndkerze, einen Kraftstofffilter und einen Luftfilter aus Papier oder Vlies. Neben der Schonung der Ger\u00e4teteile vor Verschmutzung und Besch\u00e4digung verl\u00e4ngert eine vorausschauende und regelm\u00e4\u00dfige Standardwartung die Lebensdauer Ihres Motorger\u00e4tes \u00fcber die Zeit. Au\u00dfer dem Kombischl\u00fcssel, der bereits im Lieferumfang des STIHL Freischneiders enthalten ist, wird kein weiteres Werkzeug zur Wartung ben\u00f6tigt.<br \/>\n886661609208   <\/p>\n","protected":false},"excerpt":{"rendered":"<p>Wartungssatz 38<\/p>\n","protected":false},"featured_media":423581,"template":"","meta":{"_seopress_robots_primary_cat":"","_seopress_titles_title":"","_seopress_titles_desc":"","_seopress_robots_index":""},"product_brand":[3554],"product_cat":[169,1455],"product_tag":[3266],"class_list":{"0":"post-596696","1":"product","2":"type-product","3":"status-publish","4":"has-post-thumbnail","6":"product_brand-stihl-de","7":"product_cat-maschinen","8":"product_cat-zubehor-und-verbrauchsmaterial-de","9":"product_tag-import-stihl-de","10":"sws-gruppo-macchinari-de","11":"sws-conto-ricavi-merci-rivendita-macchinari-de","12":"sws-gruppo-iva-iva81-de","14":"first","15":"onbackorder","16":"purchasable","17":"product-type-simple"},"_links":{"self":[{"href":"https:\/\/lucacastelli.com\/de\/wp-json\/wp\/v2\/product\/596696","targetHints":{"allow":["GET"]}}],"collection":[{"href":"https:\/\/lucacastelli.com\/de\/wp-json\/wp\/v2\/product"}],"about":[{"href":"https:\/\/lucacastelli.com\/de\/wp-json\/wp\/v2\/types\/product"}],"wp:featuredmedia":[{"embeddable":true,"href":"https:\/\/lucacastelli.com\/de\/wp-json\/wp\/v2\/media\/423581"}],"wp:attachment":[{"href":"https:\/\/lucacastelli.com\/de\/wp-json\/wp\/v2\/media?parent=596696"}],"wp:term":[{"taxonomy":"product_brand","embeddable":true,"href":"https:\/\/lucacastelli.com\/de\/wp-json\/wp\/v2\/product_brand?post=596696"},{"taxonomy":"product_cat","embeddable":true,"href":"https:\/\/lucacastelli.com\/de\/wp-json\/wp\/v2\/product_cat?post=596696"},{"taxonomy":"product_tag","embeddable":true,"href":"https:\/\/lucacastelli.com\/de\/wp-json\/wp\/v2\/product_tag?post=596696"}],"curies":[{"name":"wp","href":"https:\/\/api.w.org\/{rel}","templated":true}]}}