{"id":596693,"date":"2025-05-31T22:51:05","date_gmt":"2025-05-31T20:51:05","guid":{"rendered":"https:\/\/lucacastelli.com\/prodotto\/diamantschleifscheibe-zum-schaerfen-von-rapid-duro-ketten\/"},"modified":"2025-05-31T22:51:05","modified_gmt":"2025-05-31T20:51:05","slug":"diamantschleifscheibe-zum-schaerfen-von-rapid-duro-ketten","status":"publish","type":"product","link":"https:\/\/lucacastelli.com\/de\/produkt\/diamantschleifscheibe-zum-schaerfen-von-rapid-duro-ketten\/","title":{"rendered":"Diamantschleifscheibe zum Sch\u00e4rfen von Rapid Duro Ketten"},"content":{"rendered":"<p>Zubeh\u00f6r f\u00fcr STIHL (USG) und STIHL (HOS).<br \/>\n795711115203<\/p>\n","protected":false},"excerpt":{"rendered":"<p>Diamantschleifscheibe zum Sch\u00e4rfen von Rapid Duro Ketten<\/p>\n","protected":false},"featured_media":469109,"template":"","meta":{"_seopress_robots_primary_cat":"","_seopress_titles_title":"","_seopress_titles_desc":"","_seopress_robots_index":""},"product_brand":[3366],"product_cat":[29,268,269],"product_tag":[3265],"class_list":{"0":"post-596693","1":"product","2":"type-product","3":"status-publish","4":"has-post-thumbnail","6":"product_brand-stihl","7":"product_cat-macchinari","8":"product_cat-motoseghe","9":"product_cat-accessori-e-materiale-di-consumo-tosasiepi-e-potatori","10":"product_tag-import-stihl","11":"sws-gruppo-macchinari-de","12":"sws-conto-ricavi-merci-rivendita-macchinari-de","13":"sws-gruppo-iva-iva81-de","15":"first","16":"onbackorder","17":"purchasable","18":"product-type-simple"},"_links":{"self":[{"href":"https:\/\/lucacastelli.com\/de\/wp-json\/wp\/v2\/product\/596693","targetHints":{"allow":["GET"]}}],"collection":[{"href":"https:\/\/lucacastelli.com\/de\/wp-json\/wp\/v2\/product"}],"about":[{"href":"https:\/\/lucacastelli.com\/de\/wp-json\/wp\/v2\/types\/product"}],"wp:featuredmedia":[{"embeddable":true,"href":"https:\/\/lucacastelli.com\/de\/wp-json\/wp\/v2\/media\/469109"}],"wp:attachment":[{"href":"https:\/\/lucacastelli.com\/de\/wp-json\/wp\/v2\/media?parent=596693"}],"wp:term":[{"taxonomy":"product_brand","embeddable":true,"href":"https:\/\/lucacastelli.com\/de\/wp-json\/wp\/v2\/product_brand?post=596693"},{"taxonomy":"product_cat","embeddable":true,"href":"https:\/\/lucacastelli.com\/de\/wp-json\/wp\/v2\/product_cat?post=596693"},{"taxonomy":"product_tag","embeddable":true,"href":"https:\/\/lucacastelli.com\/de\/wp-json\/wp\/v2\/product_tag?post=596693"}],"curies":[{"name":"wp","href":"https:\/\/api.w.org\/{rel}","templated":true}]}}