{"id":596691,"date":"2025-05-31T22:50:07","date_gmt":"2025-05-31T20:50:07","guid":{"rendered":"https:\/\/lucacastelli.com\/prodotto\/stihl-verlaengerungsrohr-fuer-sg-11-laenge-20-cm\/"},"modified":"2025-05-31T22:50:07","modified_gmt":"2025-05-31T20:50:07","slug":"stihl-verlaengerungsrohr-fuer-sg-11-laenge-20-cm","status":"publish","type":"product","link":"https:\/\/lucacastelli.com\/de\/produkt\/stihl-verlaengerungsrohr-fuer-sg-11-laenge-20-cm\/","title":{"rendered":"STIHL Verl\u00e4ngerungsrohr, f\u00fcr SG 11 L\u00e4nge 20 cm"},"content":{"rendered":"<p>Ideal f\u00fcr die Behandlung von schwer zug\u00e4nglichen Pflanzen wie dornigen Hecken oder Rosen mit dem Handspr\u00fcher.<br \/>\n886661133543<\/p>\n","protected":false},"excerpt":{"rendered":"<p>Verl\u00e4ngerungsrohr, f\u00fcr SG 11 L\u00e4nge 20 cm <\/p>\n","protected":false},"featured_media":423139,"template":"","meta":{"_seopress_robots_primary_cat":"","_seopress_titles_title":"","_seopress_titles_desc":"","_seopress_robots_index":""},"product_brand":[3554],"product_cat":[1454,169,1475],"product_tag":[3266],"class_list":{"0":"post-596691","1":"product","2":"type-product","3":"status-publish","4":"has-post-thumbnail","6":"product_brand-stihl-de","7":"product_cat-andere-gerate","8":"product_cat-maschinen","9":"product_cat-staubsauger","10":"product_tag-import-stihl-de","11":"sws-gruppo-macchinari-de","12":"sws-conto-ricavi-merci-rivendita-macchinari-de","13":"sws-gruppo-iva-iva81-de","15":"first","16":"onbackorder","17":"purchasable","18":"product-type-simple"},"_links":{"self":[{"href":"https:\/\/lucacastelli.com\/de\/wp-json\/wp\/v2\/product\/596691","targetHints":{"allow":["GET"]}}],"collection":[{"href":"https:\/\/lucacastelli.com\/de\/wp-json\/wp\/v2\/product"}],"about":[{"href":"https:\/\/lucacastelli.com\/de\/wp-json\/wp\/v2\/types\/product"}],"wp:featuredmedia":[{"embeddable":true,"href":"https:\/\/lucacastelli.com\/de\/wp-json\/wp\/v2\/media\/423139"}],"wp:attachment":[{"href":"https:\/\/lucacastelli.com\/de\/wp-json\/wp\/v2\/media?parent=596691"}],"wp:term":[{"taxonomy":"product_brand","embeddable":true,"href":"https:\/\/lucacastelli.com\/de\/wp-json\/wp\/v2\/product_brand?post=596691"},{"taxonomy":"product_cat","embeddable":true,"href":"https:\/\/lucacastelli.com\/de\/wp-json\/wp\/v2\/product_cat?post=596691"},{"taxonomy":"product_tag","embeddable":true,"href":"https:\/\/lucacastelli.com\/de\/wp-json\/wp\/v2\/product_tag?post=596691"}],"curies":[{"name":"wp","href":"https:\/\/api.w.org\/{rel}","templated":true}]}}