{"id":596690,"date":"2025-05-31T22:50:56","date_gmt":"2025-05-31T20:50:56","guid":{"rendered":"https:\/\/lucacastelli.com\/prodotto\/fussbetaetigte-spannvorrichtung\/"},"modified":"2025-05-31T22:50:56","modified_gmt":"2025-05-31T20:50:56","slug":"fussbetaetigte-spannvorrichtung","status":"publish","type":"product","link":"https:\/\/lucacastelli.com\/de\/produkt\/fussbetaetigte-spannvorrichtung\/","title":{"rendered":"Fu\u00dfbet\u00e4tigte Spannvorrichtung"},"content":{"rendered":"<p>Zubeh\u00f6r f\u00fcr STIHL (USG) und STIHL (HOS).<br \/>\n795711115159<\/p>\n","protected":false},"excerpt":{"rendered":"<p>Fu\u00dfbet\u00e4tigte Spannvorrichtung<\/p>\n","protected":false},"featured_media":469114,"template":"","meta":{"_seopress_robots_primary_cat":"","_seopress_titles_title":"","_seopress_titles_desc":"","_seopress_robots_index":""},"product_brand":[3366],"product_cat":[29,268,269],"product_tag":[3265],"class_list":{"0":"post-596690","1":"product","2":"type-product","3":"status-publish","4":"has-post-thumbnail","6":"product_brand-stihl","7":"product_cat-macchinari","8":"product_cat-motoseghe","9":"product_cat-accessori-e-materiale-di-consumo-tosasiepi-e-potatori","10":"product_tag-import-stihl","11":"sws-gruppo-macchinari-de","12":"sws-conto-ricavi-merci-rivendita-macchinari-de","13":"sws-gruppo-iva-iva81-de","15":"first","16":"onbackorder","17":"purchasable","18":"product-type-simple"},"_links":{"self":[{"href":"https:\/\/lucacastelli.com\/de\/wp-json\/wp\/v2\/product\/596690","targetHints":{"allow":["GET"]}}],"collection":[{"href":"https:\/\/lucacastelli.com\/de\/wp-json\/wp\/v2\/product"}],"about":[{"href":"https:\/\/lucacastelli.com\/de\/wp-json\/wp\/v2\/types\/product"}],"wp:featuredmedia":[{"embeddable":true,"href":"https:\/\/lucacastelli.com\/de\/wp-json\/wp\/v2\/media\/469114"}],"wp:attachment":[{"href":"https:\/\/lucacastelli.com\/de\/wp-json\/wp\/v2\/media?parent=596690"}],"wp:term":[{"taxonomy":"product_brand","embeddable":true,"href":"https:\/\/lucacastelli.com\/de\/wp-json\/wp\/v2\/product_brand?post=596690"},{"taxonomy":"product_cat","embeddable":true,"href":"https:\/\/lucacastelli.com\/de\/wp-json\/wp\/v2\/product_cat?post=596690"},{"taxonomy":"product_tag","embeddable":true,"href":"https:\/\/lucacastelli.com\/de\/wp-json\/wp\/v2\/product_tag?post=596690"}],"curies":[{"name":"wp","href":"https:\/\/api.w.org\/{rel}","templated":true}]}}