{"id":596687,"date":"2025-05-31T22:50:46","date_gmt":"2025-05-31T20:50:46","guid":{"rendered":"https:\/\/lucacastelli.com\/prodotto\/stihl-gerade-rundduese-fuer-br-500\/"},"modified":"2025-05-31T22:50:46","modified_gmt":"2025-05-31T20:50:46","slug":"stihl-gerade-rundduese-fuer-br-500","status":"publish","type":"product","link":"https:\/\/lucacastelli.com\/de\/produkt\/stihl-gerade-rundduese-fuer-br-500\/","title":{"rendered":"STIHL Gerade Rundd\u00fcse, f\u00fcr BR 500"},"content":{"rendered":"<p>Durch die Verwendung der geraden D\u00fcse k\u00f6nnen Sie mit wenig Kraftaufwand arbeiten.<br \/>\n795711624774<\/p>\n","protected":false},"excerpt":{"rendered":"<p>Gerade Rundd\u00fcse, f\u00fcr BR 500<\/p>\n","protected":false},"featured_media":423196,"template":"","meta":{"_seopress_robots_primary_cat":"","_seopress_titles_title":"","_seopress_titles_desc":"","_seopress_robots_index":""},"product_brand":[3366],"product_cat":[29,485,486],"product_tag":[3265],"class_list":{"0":"post-596687","1":"product","2":"type-product","3":"status-publish","4":"has-post-thumbnail","6":"product_brand-stihl","7":"product_cat-macchinari","8":"product_cat-soffiatori-e-aspiratori","9":"product_cat-soffiatori-a-motore","10":"product_tag-import-stihl","11":"sws-gruppo-macchinari-de","12":"sws-conto-ricavi-merci-rivendita-macchinari-de","13":"sws-gruppo-iva-iva81-de","15":"first","16":"onbackorder","17":"purchasable","18":"product-type-simple"},"_links":{"self":[{"href":"https:\/\/lucacastelli.com\/de\/wp-json\/wp\/v2\/product\/596687","targetHints":{"allow":["GET"]}}],"collection":[{"href":"https:\/\/lucacastelli.com\/de\/wp-json\/wp\/v2\/product"}],"about":[{"href":"https:\/\/lucacastelli.com\/de\/wp-json\/wp\/v2\/types\/product"}],"wp:featuredmedia":[{"embeddable":true,"href":"https:\/\/lucacastelli.com\/de\/wp-json\/wp\/v2\/media\/423196"}],"wp:attachment":[{"href":"https:\/\/lucacastelli.com\/de\/wp-json\/wp\/v2\/media?parent=596687"}],"wp:term":[{"taxonomy":"product_brand","embeddable":true,"href":"https:\/\/lucacastelli.com\/de\/wp-json\/wp\/v2\/product_brand?post=596687"},{"taxonomy":"product_cat","embeddable":true,"href":"https:\/\/lucacastelli.com\/de\/wp-json\/wp\/v2\/product_cat?post=596687"},{"taxonomy":"product_tag","embeddable":true,"href":"https:\/\/lucacastelli.com\/de\/wp-json\/wp\/v2\/product_tag?post=596687"}],"curies":[{"name":"wp","href":"https:\/\/api.w.org\/{rel}","templated":true}]}}