{"id":596679,"date":"2025-05-31T22:49:48","date_gmt":"2025-05-31T20:49:48","guid":{"rendered":"https:\/\/lucacastelli.com\/prodotto\/stihl-zapfpistole-mit-buerste\/"},"modified":"2025-05-31T22:49:48","modified_gmt":"2025-05-31T20:49:48","slug":"stihl-zapfpistole-mit-buerste","status":"publish","type":"product","link":"https:\/\/lucacastelli.com\/de\/produkt\/stihl-zapfpistole-mit-buerste\/","title":{"rendered":"STIHL Zapfpistole mit B\u00fcrste"},"content":{"rendered":"<p>230 mm lang. Zur Reinigung empfindlicher Oberfl\u00e4chen, z. B. Sessel und Sofas, f\u00fcr SE 33 &#8211; SE 133 ME.<br \/>\n795711059569<\/p>\n","protected":false},"excerpt":{"rendered":"<p>D\u00fcse mit B\u00fcrste<\/p>\n","protected":false},"featured_media":423171,"template":"","meta":{"_seopress_robots_primary_cat":"","_seopress_titles_title":"","_seopress_titles_desc":"","_seopress_robots_index":""},"product_brand":[3554],"product_cat":[1454,169,1475],"product_tag":[3266],"class_list":{"0":"post-596679","1":"product","2":"type-product","3":"status-publish","4":"has-post-thumbnail","6":"product_brand-stihl-de","7":"product_cat-andere-gerate","8":"product_cat-maschinen","9":"product_cat-staubsauger","10":"product_tag-import-stihl-de","11":"sws-gruppo-macchinari-de","12":"sws-conto-ricavi-merci-rivendita-macchinari-de","13":"sws-gruppo-iva-iva81-de","15":"first","16":"onbackorder","17":"purchasable","18":"product-type-simple"},"_links":{"self":[{"href":"https:\/\/lucacastelli.com\/de\/wp-json\/wp\/v2\/product\/596679","targetHints":{"allow":["GET"]}}],"collection":[{"href":"https:\/\/lucacastelli.com\/de\/wp-json\/wp\/v2\/product"}],"about":[{"href":"https:\/\/lucacastelli.com\/de\/wp-json\/wp\/v2\/types\/product"}],"wp:featuredmedia":[{"embeddable":true,"href":"https:\/\/lucacastelli.com\/de\/wp-json\/wp\/v2\/media\/423171"}],"wp:attachment":[{"href":"https:\/\/lucacastelli.com\/de\/wp-json\/wp\/v2\/media?parent=596679"}],"wp:term":[{"taxonomy":"product_brand","embeddable":true,"href":"https:\/\/lucacastelli.com\/de\/wp-json\/wp\/v2\/product_brand?post=596679"},{"taxonomy":"product_cat","embeddable":true,"href":"https:\/\/lucacastelli.com\/de\/wp-json\/wp\/v2\/product_cat?post=596679"},{"taxonomy":"product_tag","embeddable":true,"href":"https:\/\/lucacastelli.com\/de\/wp-json\/wp\/v2\/product_tag?post=596679"}],"curies":[{"name":"wp","href":"https:\/\/api.w.org\/{rel}","templated":true}]}}