{"id":596673,"date":"2025-05-31T22:49:15","date_gmt":"2025-05-31T20:49:15","guid":{"rendered":"https:\/\/lucacastelli.com\/prodotto\/duese-fuer-gelenke\/"},"modified":"2025-05-31T22:49:15","modified_gmt":"2025-05-31T20:49:15","slug":"duese-fuer-gelenke","status":"publish","type":"product","link":"https:\/\/lucacastelli.com\/de\/produkt\/duese-fuer-gelenke\/","title":{"rendered":"D\u00fcse f\u00fcr Gelenke"},"content":{"rendered":"<p>Metall, zur Reinigung von Kesseln und \u00d6fen. L\u00e4nge 920 mm, Anschluss 36 mm, f\u00fcr SE 33 &#8211; SE 133 ME.<br \/>\n795711059491 <\/p>\n","protected":false},"excerpt":{"rendered":"<p>D\u00fcse f\u00fcr Gelenke<\/p>\n","protected":false},"featured_media":469119,"template":"","meta":{"_seopress_robots_primary_cat":"","_seopress_titles_title":"","_seopress_titles_desc":"","_seopress_robots_index":""},"product_brand":[3366],"product_cat":[29,514,517],"product_tag":[3265],"class_list":{"0":"post-596673","1":"product","2":"type-product","3":"status-publish","4":"has-post-thumbnail","6":"product_brand-stihl","7":"product_cat-macchinari","8":"product_cat-altri-dispositivi","9":"product_cat-aspiratori-per-la-pulizia","10":"product_tag-import-stihl","11":"sws-gruppo-macchinari-de","12":"sws-conto-ricavi-merci-rivendita-macchinari-de","13":"sws-gruppo-iva-iva81-de","15":"first","16":"onbackorder","17":"purchasable","18":"product-type-simple"},"_links":{"self":[{"href":"https:\/\/lucacastelli.com\/de\/wp-json\/wp\/v2\/product\/596673","targetHints":{"allow":["GET"]}}],"collection":[{"href":"https:\/\/lucacastelli.com\/de\/wp-json\/wp\/v2\/product"}],"about":[{"href":"https:\/\/lucacastelli.com\/de\/wp-json\/wp\/v2\/types\/product"}],"wp:featuredmedia":[{"embeddable":true,"href":"https:\/\/lucacastelli.com\/de\/wp-json\/wp\/v2\/media\/469119"}],"wp:attachment":[{"href":"https:\/\/lucacastelli.com\/de\/wp-json\/wp\/v2\/media?parent=596673"}],"wp:term":[{"taxonomy":"product_brand","embeddable":true,"href":"https:\/\/lucacastelli.com\/de\/wp-json\/wp\/v2\/product_brand?post=596673"},{"taxonomy":"product_cat","embeddable":true,"href":"https:\/\/lucacastelli.com\/de\/wp-json\/wp\/v2\/product_cat?post=596673"},{"taxonomy":"product_tag","embeddable":true,"href":"https:\/\/lucacastelli.com\/de\/wp-json\/wp\/v2\/product_tag?post=596673"}],"curies":[{"name":"wp","href":"https:\/\/api.w.org\/{rel}","templated":true}]}}