{"id":596654,"date":"2025-05-31T22:46:27","date_gmt":"2025-05-31T20:46:27","guid":{"rendered":"https:\/\/lucacastelli.com\/prodotto\/stihl-gebogene-flachduese\/"},"modified":"2026-04-06T20:27:38","modified_gmt":"2026-04-06T18:27:38","slug":"stihl-gebogene-flachduese","status":"publish","type":"product","link":"https:\/\/lucacastelli.com\/de\/produkt\/stihl-gebogene-flachduese\/","title":{"rendered":"STIHL Gebogene Flachd\u00fcse"},"content":{"rendered":"<p>Sie erm\u00f6glichen das Arbeiten auf gro\u00dfen Fl\u00e4chen dank des vergr\u00f6\u00dferten Luftstrahls parallel zum Boden. F\u00fcr STIHL BG 56, BG 86, BGE 71, BGE 81, SH 55, SH 56, SH 85, SH 86, SHE 71, SHE 81.<br \/>\n795711384807 <\/p>\n","protected":false},"excerpt":{"rendered":"<p>Gebogene Flachd\u00fcse<\/p>\n","protected":false},"featured_media":423106,"template":"","meta":{"_seopress_robots_primary_cat":"","_seopress_titles_title":"","_seopress_titles_desc":"","_seopress_robots_index":""},"product_brand":[3554],"product_cat":[1641,1639,169,1640],"product_tag":[3266],"class_list":{"0":"post-596654","1":"product","2":"type-product","3":"status-publish","4":"has-post-thumbnail","6":"product_brand-stihl-de","7":"product_cat-geblase-und-staubsauger","8":"product_cat-kombi-und-multi-systeme","9":"product_cat-maschinen","10":"product_cat-zubehor-und-verbrauchsmaterial-de-5","11":"product_tag-import-stihl-de","12":"sws-gruppo-macchinari-de","13":"sws-conto-ricavi-merci-rivendita-macchinari-de","14":"sws-gruppo-iva-iva81-de","16":"first","17":"onbackorder","18":"purchasable","19":"product-type-simple"},"_links":{"self":[{"href":"https:\/\/lucacastelli.com\/de\/wp-json\/wp\/v2\/product\/596654","targetHints":{"allow":["GET"]}}],"collection":[{"href":"https:\/\/lucacastelli.com\/de\/wp-json\/wp\/v2\/product"}],"about":[{"href":"https:\/\/lucacastelli.com\/de\/wp-json\/wp\/v2\/types\/product"}],"wp:featuredmedia":[{"embeddable":true,"href":"https:\/\/lucacastelli.com\/de\/wp-json\/wp\/v2\/media\/423106"}],"wp:attachment":[{"href":"https:\/\/lucacastelli.com\/de\/wp-json\/wp\/v2\/media?parent=596654"}],"wp:term":[{"taxonomy":"product_brand","embeddable":true,"href":"https:\/\/lucacastelli.com\/de\/wp-json\/wp\/v2\/product_brand?post=596654"},{"taxonomy":"product_cat","embeddable":true,"href":"https:\/\/lucacastelli.com\/de\/wp-json\/wp\/v2\/product_cat?post=596654"},{"taxonomy":"product_tag","embeddable":true,"href":"https:\/\/lucacastelli.com\/de\/wp-json\/wp\/v2\/product_tag?post=596654"}],"curies":[{"name":"wp","href":"https:\/\/api.w.org\/{rel}","templated":true}]}}