{"id":596644,"date":"2025-05-31T22:39:21","date_gmt":"2025-05-31T20:39:21","guid":{"rendered":"https:\/\/lucacastelli.com\/prodotto\/halterung-1121-fuer-stihl-laser-2-in-1\/"},"modified":"2025-05-31T22:39:21","modified_gmt":"2025-05-31T20:39:21","slug":"halterung-1121-fuer-stihl-laser-2-in-1","status":"publish","type":"product","link":"https:\/\/lucacastelli.com\/de\/produkt\/halterung-1121-fuer-stihl-laser-2-in-1\/","title":{"rendered":"Halterung 1121 f\u00fcr STIHL Laser 2-in-1"},"content":{"rendered":"<p>F\u00fcr MS 026, MS 260, alle Modelle, VW au\u00dfer<br \/>\n886661052011<\/p>\n","protected":false},"excerpt":{"rendered":"<p>Halterung 1121 f\u00fcr STIHL Laser 2-in-1<\/p>\n","protected":false},"featured_media":469149,"template":"","meta":{"_seopress_robots_primary_cat":"","_seopress_titles_title":"","_seopress_titles_desc":"","_seopress_robots_index":""},"product_brand":[3555],"product_cat":[167,1604,1605],"product_tag":[3267],"class_list":{"0":"post-596644","1":"product","2":"type-product","3":"status-publish","4":"has-post-thumbnail","6":"product_brand-stihl-fr","7":"product_cat-machines","8":"product_cat-tronconneuses","9":"product_cat-accessoires-et-consommables-fr-4","10":"product_tag-import-stihl-fr","11":"sws-gruppo-abb-libero-de","12":"sws-conto-ricavi-merci-rivendita-macchinari-de","13":"sws-gruppo-iva-iva81-de","15":"first","16":"onbackorder","17":"purchasable","18":"product-type-simple"},"_links":{"self":[{"href":"https:\/\/lucacastelli.com\/de\/wp-json\/wp\/v2\/product\/596644","targetHints":{"allow":["GET"]}}],"collection":[{"href":"https:\/\/lucacastelli.com\/de\/wp-json\/wp\/v2\/product"}],"about":[{"href":"https:\/\/lucacastelli.com\/de\/wp-json\/wp\/v2\/types\/product"}],"wp:featuredmedia":[{"embeddable":true,"href":"https:\/\/lucacastelli.com\/de\/wp-json\/wp\/v2\/media\/469149"}],"wp:attachment":[{"href":"https:\/\/lucacastelli.com\/de\/wp-json\/wp\/v2\/media?parent=596644"}],"wp:term":[{"taxonomy":"product_brand","embeddable":true,"href":"https:\/\/lucacastelli.com\/de\/wp-json\/wp\/v2\/product_brand?post=596644"},{"taxonomy":"product_cat","embeddable":true,"href":"https:\/\/lucacastelli.com\/de\/wp-json\/wp\/v2\/product_cat?post=596644"},{"taxonomy":"product_tag","embeddable":true,"href":"https:\/\/lucacastelli.com\/de\/wp-json\/wp\/v2\/product_tag?post=596644"}],"curies":[{"name":"wp","href":"https:\/\/api.w.org\/{rel}","templated":true}]}}