{"id":596641,"date":"2025-05-31T22:32:57","date_gmt":"2025-05-31T20:32:57","guid":{"rendered":"https:\/\/lucacastelli.com\/prodotto\/stihl-bga-50-ohne-akku-und-ladegeraet\/"},"modified":"2026-03-22T08:34:32","modified_gmt":"2026-03-22T07:34:32","slug":"stihl-bga-50-ohne-akku-und-ladegeraet","status":"publish","type":"product","link":"https:\/\/lucacastelli.com\/de\/produkt\/stihl-bga-50-ohne-akku-und-ladegeraet\/","title":{"rendered":"STIHL BGA 50, ohne Akku und Ladeger\u00e4t"},"content":{"rendered":"<p>Akku-Gebl\u00e4se BGA 50: Ein wertvoller Helfer bei der Reinigung von Fl\u00e4chen und Wegen<br \/>\nOb Laub, kleine Zweige oder Grasschnitt &#8211; mit dem neuen STIHL Akku-Gebl\u00e4se BGA 50 wird die Reinigung von Fl\u00e4chen und Wegen rund um Haus und Garten zum Kinderspiel. Dar\u00fcber hinaus bietet das leise Ger\u00e4t mit variabler Drehzahlregelung ein hohes Ma\u00df an Flexibilit\u00e4t bei der Reinigung von engen oder verwinkelten Stellen, zum Beispiel in Garagen oder unter Gartenm\u00f6belsitzen; mit der maximalen Blasleistung von bis zu 11 Newton lassen sich auch gr\u00f6\u00dfere Fl\u00e4chen schnell von Laub und Schmutz befreien. Da die Blasleistung flexibel an unterschiedliche Bedingungen angepasst werden kann, ist es auf unbefestigten Wegen nur m\u00f6glich, Laub zu blasen, ohne Schutt zu bewegen.  <\/p>\n<p>Die Energie f\u00fcr den Betrieb des Ger\u00e4ts liefert ein 36-V-Lithium-Ionen-Akku aus dem AK-System von STIHL. Dieses modulare Akkusystem deckt ein breites Spektrum an Ger\u00e4ten f\u00fcr unterschiedliche Anwendungen, aber auch Ladeger\u00e4te und Akkus mit unterschiedlichem Energieinhalt ab. Es ist eine praktische L\u00f6sung, wenn Sie mehrere Ger\u00e4te mit demselben Akku und Ladeger\u00e4t betreiben wollen. F\u00fcr das BGA 50 empfehlen wir den AK 20, der in das im Geh\u00e4use integrierte Akkufach eingelegt werden muss und so zur hervorragenden Balance des Ger\u00e4ts beitr\u00e4gt.   <\/p>\n<p>Zusammen mit dem geringen Gewicht von nur 3,4 kg inklusive Akku sorgt dies f\u00fcr einen angenehmen Griff des Blasger\u00e4tes und erm\u00f6glicht ein komfortables und erm\u00fcdungsfreies Man\u00f6vrieren auch \u00fcber l\u00e4ngere Zeitr\u00e4ume. Zur platzsparenden Aufbewahrung kann das Blasrohr schnell und einfach ohne Werkzeug abgenommen werden. <\/p>\n<table data-test-id=\"pdp-spec-tech-table\">\n<tbody>\n<tr>\n<td>Nennspannung<\/td>\n<td>36 V <\/td>\n<\/tr>\n<tr>\n<td>Gewicht<\/td>\n<td>2,2 kg <\/td>\n<\/tr>\n<tr>\n<td>Batterie-System<\/td>\n<td>AK <\/td>\n<\/tr>\n<tr>\n<td>Max. Luftgeschwindigkeit mit Rundd\u00fcse<\/td>\n<td>55 m\/s <\/td>\n<\/tr>\n<tr>\n<td>Max. Luftgeschwindigkeit mit Rundd\u00fcse<\/td>\n<td>123 mph <\/td>\n<\/tr>\n<tr>\n<td>Luftstrom mit Rundd\u00fcse<\/td>\n<td>770 m\u00b3\/h <sup>1)<\/sup><\/td>\n<\/tr>\n<tr>\n<td>Schalldruckpegel<\/td>\n<td>78 dB(A) <sup>2)<\/sup><\/td>\n<\/tr>\n<tr>\n<td>Schalldruckpegel 15 m Entfernung<\/td>\n<td>55 dB(A) <sup>3)<\/sup><\/td>\n<\/tr>\n<tr>\n<td>Schwingungswert rechts<\/td>\n<td>0,6 m\/s\u00b2 <sup>4)<\/sup><\/td>\n<\/tr>\n<tr>\n<td>Schallleistungspegel<\/td>\n<td>88 dB(A) <sup>2)<\/sup><\/td>\n<\/tr>\n<tr>\n<td>Empfohlene Batterie<\/td>\n<td>AK 20 <\/td>\n<\/tr>\n<tr>\n<td>IP-Schutzgrad<\/td>\n<td>K.A. <\/td>\n<\/tr>\n<\/tbody>\n<\/table>\n","protected":false},"excerpt":{"rendered":"<p>BGA 50, ohne Akku und Ladeger\u00e4t<\/p>\n","protected":false},"featured_media":422709,"template":"","meta":{"_seopress_robots_primary_cat":"none","_seopress_titles_title":"","_seopress_titles_desc":"","_seopress_robots_index":""},"product_brand":[3366],"product_cat":[29,485,489],"product_tag":[3265],"class_list":{"0":"post-596641","1":"product","2":"type-product","3":"status-publish","4":"has-post-thumbnail","6":"product_brand-stihl","7":"product_cat-macchinari","8":"product_cat-soffiatori-e-aspiratori","9":"product_cat-soffiatori-a-batteria","10":"product_tag-import-stihl","11":"sws-gruppo-macchinari-de","12":"sws-conto-ricavi-merci-rivendita-macchinari-de","13":"sws-gruppo-iva-iva81-de","15":"first","16":"onbackorder","17":"purchasable","18":"product-type-simple"},"_links":{"self":[{"href":"https:\/\/lucacastelli.com\/de\/wp-json\/wp\/v2\/product\/596641","targetHints":{"allow":["GET"]}}],"collection":[{"href":"https:\/\/lucacastelli.com\/de\/wp-json\/wp\/v2\/product"}],"about":[{"href":"https:\/\/lucacastelli.com\/de\/wp-json\/wp\/v2\/types\/product"}],"wp:featuredmedia":[{"embeddable":true,"href":"https:\/\/lucacastelli.com\/de\/wp-json\/wp\/v2\/media\/422709"}],"wp:attachment":[{"href":"https:\/\/lucacastelli.com\/de\/wp-json\/wp\/v2\/media?parent=596641"}],"wp:term":[{"taxonomy":"product_brand","embeddable":true,"href":"https:\/\/lucacastelli.com\/de\/wp-json\/wp\/v2\/product_brand?post=596641"},{"taxonomy":"product_cat","embeddable":true,"href":"https:\/\/lucacastelli.com\/de\/wp-json\/wp\/v2\/product_cat?post=596641"},{"taxonomy":"product_tag","embeddable":true,"href":"https:\/\/lucacastelli.com\/de\/wp-json\/wp\/v2\/product_tag?post=596641"}],"curies":[{"name":"wp","href":"https:\/\/api.w.org\/{rel}","templated":true}]}}