{"id":596638,"date":"2025-05-31T22:34:19","date_gmt":"2025-05-31T20:34:19","guid":{"rendered":"https:\/\/lucacastelli.com\/prodotto\/wartungsset-fuer-schneidegeraete\/"},"modified":"2025-05-31T22:34:19","modified_gmt":"2025-05-31T20:34:19","slug":"wartungsset-fuer-schneidegeraete","status":"publish","type":"product","link":"https:\/\/lucacastelli.com\/de\/produkt\/wartungsset-fuer-schneidegeraete\/","title":{"rendered":"Wartungsset f\u00fcr Schneideger\u00e4te"},"content":{"rendered":"<p>Set bestehend aus Sch\u00e4rf- und Kontrollschablone. Zum \u00dcberpr\u00fcfen des Winkels der Kettenschneide, der H\u00f6he des Tiefenbegrenzers und der \u00d6ldurchgangsbohrung.<br \/>\n795711072018 <\/p>\n","protected":false},"excerpt":{"rendered":"<p>Wartungsset f\u00fcr Schneideger\u00e4te<\/p>\n","protected":false},"featured_media":482211,"template":"","meta":{"_seopress_robots_primary_cat":"","_seopress_titles_title":"","_seopress_titles_desc":"","_seopress_robots_index":""},"product_brand":[3554],"product_cat":[169,1700],"product_tag":[3266],"class_list":{"0":"post-596638","1":"product","2":"type-product","3":"status-publish","4":"has-post-thumbnail","6":"product_brand-stihl-de","7":"product_cat-maschinen","8":"product_cat-forstwirtschaftliche-werkzeuge-und-zubehor","9":"product_tag-import-stihl-de","10":"sws-gruppo-macchinari-de","11":"sws-conto-ricavi-merci-rivendita-macchinari-de","12":"sws-gruppo-iva-iva81-de","14":"first","15":"onbackorder","16":"purchasable","17":"product-type-simple"},"_links":{"self":[{"href":"https:\/\/lucacastelli.com\/de\/wp-json\/wp\/v2\/product\/596638","targetHints":{"allow":["GET"]}}],"collection":[{"href":"https:\/\/lucacastelli.com\/de\/wp-json\/wp\/v2\/product"}],"about":[{"href":"https:\/\/lucacastelli.com\/de\/wp-json\/wp\/v2\/types\/product"}],"wp:featuredmedia":[{"embeddable":true,"href":"https:\/\/lucacastelli.com\/de\/wp-json\/wp\/v2\/media\/482211"}],"wp:attachment":[{"href":"https:\/\/lucacastelli.com\/de\/wp-json\/wp\/v2\/media?parent=596638"}],"wp:term":[{"taxonomy":"product_brand","embeddable":true,"href":"https:\/\/lucacastelli.com\/de\/wp-json\/wp\/v2\/product_brand?post=596638"},{"taxonomy":"product_cat","embeddable":true,"href":"https:\/\/lucacastelli.com\/de\/wp-json\/wp\/v2\/product_cat?post=596638"},{"taxonomy":"product_tag","embeddable":true,"href":"https:\/\/lucacastelli.com\/de\/wp-json\/wp\/v2\/product_tag?post=596638"}],"curies":[{"name":"wp","href":"https:\/\/api.w.org\/{rel}","templated":true}]}}