{"id":596634,"date":"2025-05-31T22:32:45","date_gmt":"2025-05-31T20:32:45","guid":{"rendered":"https:\/\/lucacastelli.com\/prodotto\/stihl-abstuetzsystem\/"},"modified":"2025-05-31T22:32:45","modified_gmt":"2025-05-31T20:32:45","slug":"stihl-abstuetzsystem","status":"publish","type":"product","link":"https:\/\/lucacastelli.com\/de\/produkt\/stihl-abstuetzsystem\/","title":{"rendered":"STIHL Abst\u00fctzsystem"},"content":{"rendered":"<p>Das BGA 200 kann dank des handgehaltenen oder k\u00f6rperseitigen Tr\u00e4gersystems auf vielf\u00e4ltige Weise eingesetzt werden. Der Wechsel ist einfach und blitzschnell erledigt und die Arbeitsbelastung wird vor allem bei l\u00e4ngeren Eins\u00e4tzen stark reduziert. Das Tragesystem wird am G\u00fcrtel der AR-Schulterbatterien befestigt.<br \/>\n886661753055  <\/p>\n","protected":false},"excerpt":{"rendered":"<p>Unterst\u00fctzungssystem<\/p>\n","protected":false},"featured_media":422693,"template":"","meta":{"_seopress_robots_primary_cat":"","_seopress_titles_title":"","_seopress_titles_desc":"","_seopress_robots_index":""},"product_brand":[3366],"product_cat":[29,485,490],"product_tag":[3265],"class_list":{"0":"post-596634","1":"product","2":"type-product","3":"status-publish","4":"has-post-thumbnail","6":"product_brand-stihl","7":"product_cat-macchinari","8":"product_cat-soffiatori-e-aspiratori","9":"product_cat-accessori-e-materiale-di-consumo-soffiatori-e-aspiratori","10":"product_tag-import-stihl","11":"sws-gruppo-macchinari-de","12":"sws-conto-ricavi-merci-rivendita-macchinari-de","13":"sws-gruppo-iva-iva81-de","15":"first","16":"onbackorder","17":"purchasable","18":"product-type-simple"},"_links":{"self":[{"href":"https:\/\/lucacastelli.com\/de\/wp-json\/wp\/v2\/product\/596634","targetHints":{"allow":["GET"]}}],"collection":[{"href":"https:\/\/lucacastelli.com\/de\/wp-json\/wp\/v2\/product"}],"about":[{"href":"https:\/\/lucacastelli.com\/de\/wp-json\/wp\/v2\/types\/product"}],"wp:featuredmedia":[{"embeddable":true,"href":"https:\/\/lucacastelli.com\/de\/wp-json\/wp\/v2\/media\/422693"}],"wp:attachment":[{"href":"https:\/\/lucacastelli.com\/de\/wp-json\/wp\/v2\/media?parent=596634"}],"wp:term":[{"taxonomy":"product_brand","embeddable":true,"href":"https:\/\/lucacastelli.com\/de\/wp-json\/wp\/v2\/product_brand?post=596634"},{"taxonomy":"product_cat","embeddable":true,"href":"https:\/\/lucacastelli.com\/de\/wp-json\/wp\/v2\/product_cat?post=596634"},{"taxonomy":"product_tag","embeddable":true,"href":"https:\/\/lucacastelli.com\/de\/wp-json\/wp\/v2\/product_tag?post=596634"}],"curies":[{"name":"wp","href":"https:\/\/api.w.org\/{rel}","templated":true}]}}