{"id":596619,"date":"2025-05-31T22:00:08","date_gmt":"2025-05-31T20:00:08","guid":{"rendered":"https:\/\/lucacastelli.com\/prodotto\/stihl-kabelfuehrungen\/"},"modified":"2025-05-31T22:00:08","modified_gmt":"2025-05-31T20:00:08","slug":"stihl-kabelfuehrungen","status":"publish","type":"product","link":"https:\/\/lucacastelli.com\/de\/produkt\/stihl-kabelfuehrungen\/","title":{"rendered":"STIHL Kabelf\u00fchrungen"},"content":{"rendered":"<p>pDie STIHL ADVANCE X-Flex Kabelf\u00fchrung ist Teil des STIHL ADVANCE X-Flex Modulband-Systems. Sie unterst\u00fctzt Forst- oder Garten- und Landschaftsbau-Profis beim Arbeiten mit STIHL Akku-Ger\u00e4ten aus dem STIHL AP System mit Anschlusskabel oder kann mit der AP G\u00fcrteltasche mit Anschlusskabel verwendet werden.nbsp;Die Elastizit\u00e4t der Kabelf\u00fchrung, durch die das Anschlusskabel gef\u00fchrt wird, sorgt f\u00fcr einen gro\u00dfen Aktionsradius und viel Bewegungsfreiheit beim Arbeiten.\/p<br \/>\n795711884499<\/p>\n","protected":false},"excerpt":{"rendered":"<p>pDie STIHL ADVANCE X-Flex Kabelf\u00fchrung ist Teil des STIHL ADVANCE X-Flex Modulband-Systems. Sie unterst\u00fctzt Forst- oder Garten- und Landschaftsbau-Profis beim<\/p>\n","protected":false},"featured_media":436361,"template":"","meta":{"_seopress_robots_primary_cat":"","_seopress_titles_title":"","_seopress_titles_desc":"","_seopress_robots_index":""},"product_brand":[3366],"product_cat":[21,284],"product_tag":[3265],"class_list":{"0":"post-596619","1":"product","2":"type-product","3":"status-publish","4":"has-post-thumbnail","6":"product_brand-stihl","7":"product_cat-abbigliamento","8":"product_cat-abbigliamento-da-lavoro","9":"product_tag-import-stihl","10":"sws-gruppo-macchinari","11":"sws-conto-ricavi-merci-rivendita-macchinari","12":"sws-gruppo-iva-iva81","14":"first","15":"onbackorder","16":"purchasable","17":"product-type-simple"},"_links":{"self":[{"href":"https:\/\/lucacastelli.com\/de\/wp-json\/wp\/v2\/product\/596619","targetHints":{"allow":["GET"]}}],"collection":[{"href":"https:\/\/lucacastelli.com\/de\/wp-json\/wp\/v2\/product"}],"about":[{"href":"https:\/\/lucacastelli.com\/de\/wp-json\/wp\/v2\/types\/product"}],"wp:featuredmedia":[{"embeddable":true,"href":"https:\/\/lucacastelli.com\/de\/wp-json\/wp\/v2\/media\/436361"}],"wp:attachment":[{"href":"https:\/\/lucacastelli.com\/de\/wp-json\/wp\/v2\/media?parent=596619"}],"wp:term":[{"taxonomy":"product_brand","embeddable":true,"href":"https:\/\/lucacastelli.com\/de\/wp-json\/wp\/v2\/product_brand?post=596619"},{"taxonomy":"product_cat","embeddable":true,"href":"https:\/\/lucacastelli.com\/de\/wp-json\/wp\/v2\/product_cat?post=596619"},{"taxonomy":"product_tag","embeddable":true,"href":"https:\/\/lucacastelli.com\/de\/wp-json\/wp\/v2\/product_tag?post=596619"}],"curies":[{"name":"wp","href":"https:\/\/api.w.org\/{rel}","templated":true}]}}