{"id":596612,"date":"2025-05-31T21:56:32","date_gmt":"2025-05-31T19:56:32","guid":{"rendered":"https:\/\/lucacastelli.com\/prodotto\/stihl-bauchpolsterung\/"},"modified":"2025-05-31T21:56:32","modified_gmt":"2025-05-31T19:56:32","slug":"stihl-bauchpolsterung","status":"publish","type":"product","link":"https:\/\/lucacastelli.com\/de\/produkt\/stihl-bauchpolsterung\/","title":{"rendered":"STIHL Bauchpolsterung"},"content":{"rendered":"<p>pDie Bauchpolsterung verhindert, dass der Hosenknopf oder die G\u00fcrtelschnalle mit der Schnalle des Lendeng\u00fcrtels kollidiert und Scheuerstellen verursacht. Au\u00dferdem unterst\u00fctzt es eine bessere Gewichtsverteilung auf dem Lendeng\u00fcrtel, insbesondere beim B\u00fccken.nbsp;Dies erm\u00f6glicht einen hohen Tragekomfort.\/p<br \/>\n795711884505<\/p>\n","protected":false},"excerpt":{"rendered":"<p>pDie Bauchpolsterung verhindert, dass der Hosenknopf oder die G\u00fcrtelschnalle mit der Schnalle des Lendeng\u00fcrtels kollidiert und Scheuerstellen verursacht. Au\u00dferdem unterst\u00fctzt<\/p>\n","protected":false},"featured_media":424632,"template":"","meta":{"_seopress_robots_primary_cat":"","_seopress_titles_title":"","_seopress_titles_desc":"","_seopress_robots_index":""},"product_brand":[3554],"product_cat":[1382,82],"product_tag":[3266],"class_list":{"0":"post-596612","1":"product","2":"type-product","3":"status-publish","4":"has-post-thumbnail","6":"product_brand-stihl-de","7":"product_cat-arbeitskleidung","8":"product_cat-kleidung","9":"product_tag-import-stihl-de","10":"sws-gruppo-abb-libero-de","11":"sws-conto-ricavi-merci-rivendita-abbigliamento-de","12":"sws-gruppo-iva-iva81-de","14":"first","15":"onbackorder","16":"purchasable","17":"product-type-simple"},"_links":{"self":[{"href":"https:\/\/lucacastelli.com\/de\/wp-json\/wp\/v2\/product\/596612","targetHints":{"allow":["GET"]}}],"collection":[{"href":"https:\/\/lucacastelli.com\/de\/wp-json\/wp\/v2\/product"}],"about":[{"href":"https:\/\/lucacastelli.com\/de\/wp-json\/wp\/v2\/types\/product"}],"wp:featuredmedia":[{"embeddable":true,"href":"https:\/\/lucacastelli.com\/de\/wp-json\/wp\/v2\/media\/424632"}],"wp:attachment":[{"href":"https:\/\/lucacastelli.com\/de\/wp-json\/wp\/v2\/media?parent=596612"}],"wp:term":[{"taxonomy":"product_brand","embeddable":true,"href":"https:\/\/lucacastelli.com\/de\/wp-json\/wp\/v2\/product_brand?post=596612"},{"taxonomy":"product_cat","embeddable":true,"href":"https:\/\/lucacastelli.com\/de\/wp-json\/wp\/v2\/product_cat?post=596612"},{"taxonomy":"product_tag","embeddable":true,"href":"https:\/\/lucacastelli.com\/de\/wp-json\/wp\/v2\/product_tag?post=596612"}],"curies":[{"name":"wp","href":"https:\/\/api.w.org\/{rel}","templated":true}]}}