{"id":596607,"date":"2025-05-31T22:12:36","date_gmt":"2025-05-31T20:12:36","guid":{"rendered":"https:\/\/lucacastelli.com\/prodotto\/stihl-koa-20-ohne-akku-und-ladegeraet\/"},"modified":"2026-04-07T14:49:11","modified_gmt":"2026-04-07T12:49:11","slug":"stihl-koa-20-ohne-akku-und-ladegeraet","status":"publish","type":"product","link":"https:\/\/lucacastelli.com\/de\/produkt\/stihl-koa-20-ohne-akku-und-ladegeraet\/","title":{"rendered":"STIHL KOA 20, ohne Akku und Ladeger\u00e4t"},"content":{"rendered":"<p>pMit fortschrittlichen Funktionen und einem auf Benutzerkomfort ausgerichteten Design etabliert es sich als unverzichtbares Werkzeug f\u00fcr das einfache und schnelle Aufpumpen und Entleeren verschiedener Ausr\u00fcstungen.nbsp;Der Akku-Kompressor KOA 20 ist ein vielseitiges Ger\u00e4t, das zum Aufpumpen und Entleeren von Reifen, Freizeit- und Sportausr\u00fcstungen entwickelt wurde.nbsp;Dank seines ergonomischen Designs und der vielf\u00e4ltigen Funktionen garantiert es eine einfache, schnelle und komfortable Nutzung.nbsp;\/p<br \/>\n886661685660<\/p>\n<p>Nennspannung 11<br \/>\nAkkusystem Akkusystem<\/p>\n<p>Empfohlener Akku Empfohlener Akku<br \/>\nGer\u00e4tegewicht 1,5<br \/>\nMax. Druck (Hochdruckpumpe) 10,3 <\/p>\n<table data-test-id=\"pdp-spec-tech-table\">\n<tbody>\n<tr>\n<td>Nennspannung<\/td>\n<td>10,8 V<\/td>\n<\/tr>\n<tr>\n<td>Max. Druck (Hochdruckpumpe) <\/td>\n<td>10,3 bar<\/td>\n<\/tr>\n<tr>\n<td>Max. Druck (Hochdruckpumpe) <\/td>\n<td>150 lbf\/in<\/td>\n<\/tr>\n<tr>\n<td>Max. Volumenstrom (Volumenpumpe) <\/td>\n<td>360 l\/min<\/td>\n<\/tr>\n<tr>\n<td>Ger\u00e4tegewicht<\/td>\n<td>1,5 kg<\/td>\n<\/tr>\n<tr>\n<td>Ger\u00e4t 1 Schallmessung<\/td>\n<td>HIGH PRESSURE MODE<\/td>\n<\/tr>\n<tr>\n<td>Ger\u00e4t 2 Schallmessung<\/td>\n<td>HIGH VOLUME MODE<\/td>\n<\/tr>\n<tr>\n<td>Schalldruckpegel<\/td>\n<td>77 dB(A)<\/td>\n<\/tr>\n<tr>\n<td>Schallleistungspegel<\/td>\n<td>85 dB(A)<\/td>\n<\/tr>\n<tr>\n<td>Schalldruckpegel<\/td>\n<td>82 dB(A)<\/td>\n<\/tr>\n<tr>\n<td>Schallleistungspegel<\/td>\n<td>90 dB(A)<\/td>\n<\/tr>\n<tr>\n<td>Empfohlener Akku<\/td>\n<td>AS 2<\/td>\n<\/tr>\n<tr>\n<td>L\u00e4nge<\/td>\n<td>282 mm<\/td>\n<\/tr>\n<tr>\n<td>Breite<\/td>\n<td>105 mm<\/td>\n<\/tr>\n<tr>\n<td>H\u00f6he<\/td>\n<td>223 mm<\/td>\n<\/tr>\n<\/tbody>\n<\/table>\n","protected":false},"excerpt":{"rendered":"<p>pMit fortschrittlichen Funktionen und einem auf Benutzerkomfort ausgerichteten Design etabliert es sich als unverzichtbares Werkzeug f\u00fcr das einfache und schnelle<\/p>\n","protected":false},"featured_media":436899,"template":"","meta":{"_seopress_robots_primary_cat":"none","_seopress_titles_title":"","_seopress_titles_desc":"","_seopress_robots_index":""},"product_brand":[3554],"product_cat":[1454,1469,169],"product_tag":[3266],"class_list":{"0":"post-596607","1":"product","2":"type-product","3":"status-publish","4":"has-post-thumbnail","6":"product_brand-stihl-de","7":"product_cat-andere-gerate","8":"product_cat-kompressoren","9":"product_cat-maschinen","10":"product_tag-import-stihl-de","11":"sws-gruppo-abb-libero-de","12":"sws-conto-ricavi-merci-rivendita-abbigliamento-de","13":"sws-gruppo-iva-iva81-de","15":"first","16":"onbackorder","17":"purchasable","18":"product-type-simple"},"_links":{"self":[{"href":"https:\/\/lucacastelli.com\/de\/wp-json\/wp\/v2\/product\/596607","targetHints":{"allow":["GET"]}}],"collection":[{"href":"https:\/\/lucacastelli.com\/de\/wp-json\/wp\/v2\/product"}],"about":[{"href":"https:\/\/lucacastelli.com\/de\/wp-json\/wp\/v2\/types\/product"}],"wp:featuredmedia":[{"embeddable":true,"href":"https:\/\/lucacastelli.com\/de\/wp-json\/wp\/v2\/media\/436899"}],"wp:attachment":[{"href":"https:\/\/lucacastelli.com\/de\/wp-json\/wp\/v2\/media?parent=596607"}],"wp:term":[{"taxonomy":"product_brand","embeddable":true,"href":"https:\/\/lucacastelli.com\/de\/wp-json\/wp\/v2\/product_brand?post=596607"},{"taxonomy":"product_cat","embeddable":true,"href":"https:\/\/lucacastelli.com\/de\/wp-json\/wp\/v2\/product_cat?post=596607"},{"taxonomy":"product_tag","embeddable":true,"href":"https:\/\/lucacastelli.com\/de\/wp-json\/wp\/v2\/product_tag?post=596607"}],"curies":[{"name":"wp","href":"https:\/\/api.w.org\/{rel}","templated":true}]}}