{"id":596596,"date":"2025-05-31T21:54:15","date_gmt":"2025-05-31T19:54:15","guid":{"rendered":"https:\/\/lucacastelli.com\/prodotto\/stihl-massbandhalter\/"},"modified":"2025-05-31T21:54:15","modified_gmt":"2025-05-31T19:54:15","slug":"stihl-massbandhalter","status":"publish","type":"product","link":"https:\/\/lucacastelli.com\/de\/produkt\/stihl-massbandhalter\/","title":{"rendered":"STIHL Ma\u00dfbandhalter"},"content":{"rendered":"<p>pZur Aufbewahrung des Ma\u00dfbandes beim Transport und f\u00fcr hohe Bewegungsfreiheit beim Messen.<br \/>\n886661889433<\/p>\n","protected":false},"excerpt":{"rendered":"<p>pZur Aufbewahrung des Ma\u00dfbandes beim Transport und f\u00fcr hohe Bewegungsfreiheit beim Messen. 886661889433<\/p>\n","protected":false},"featured_media":424400,"template":"","meta":{"_seopress_robots_primary_cat":"","_seopress_titles_title":"","_seopress_titles_desc":"","_seopress_robots_index":""},"product_brand":[3366],"product_cat":[21,284],"product_tag":[3265],"class_list":{"0":"post-596596","1":"product","2":"type-product","3":"status-publish","4":"has-post-thumbnail","6":"product_brand-stihl","7":"product_cat-abbigliamento","8":"product_cat-abbigliamento-da-lavoro","9":"product_tag-import-stihl","10":"sws-gruppo-macchinari-de","11":"sws-conto-ricavi-merci-rivendita-macchinari-de","12":"sws-gruppo-iva-iva81-de","14":"first","15":"onbackorder","16":"purchasable","17":"product-type-simple"},"_links":{"self":[{"href":"https:\/\/lucacastelli.com\/de\/wp-json\/wp\/v2\/product\/596596","targetHints":{"allow":["GET"]}}],"collection":[{"href":"https:\/\/lucacastelli.com\/de\/wp-json\/wp\/v2\/product"}],"about":[{"href":"https:\/\/lucacastelli.com\/de\/wp-json\/wp\/v2\/types\/product"}],"wp:featuredmedia":[{"embeddable":true,"href":"https:\/\/lucacastelli.com\/de\/wp-json\/wp\/v2\/media\/424400"}],"wp:attachment":[{"href":"https:\/\/lucacastelli.com\/de\/wp-json\/wp\/v2\/media?parent=596596"}],"wp:term":[{"taxonomy":"product_brand","embeddable":true,"href":"https:\/\/lucacastelli.com\/de\/wp-json\/wp\/v2\/product_brand?post=596596"},{"taxonomy":"product_cat","embeddable":true,"href":"https:\/\/lucacastelli.com\/de\/wp-json\/wp\/v2\/product_cat?post=596596"},{"taxonomy":"product_tag","embeddable":true,"href":"https:\/\/lucacastelli.com\/de\/wp-json\/wp\/v2\/product_tag?post=596596"}],"curies":[{"name":"wp","href":"https:\/\/api.w.org\/{rel}","templated":true}]}}