{"id":596594,"date":"2025-05-31T22:59:48","date_gmt":"2025-05-31T20:59:48","guid":{"rendered":"https:\/\/lucacastelli.com\/prodotto\/stihl-kma-80-r-ohne-akku-und-ladegeraet\/"},"modified":"2025-05-31T22:59:48","modified_gmt":"2025-05-31T20:59:48","slug":"stihl-kma-80-r-ohne-akku-und-ladegeraet","status":"publish","type":"product","link":"https:\/\/lucacastelli.com\/de\/produkt\/stihl-kma-80-r-ohne-akku-und-ladegeraet\/","title":{"rendered":"STIHL KMA 80 R, ohne Akku und Ladeger\u00e4t"},"content":{"rendered":"<p>pWenn Sie verschiedene anspruchsvolle private Arbeiten im heimischen Garten erledigen wollen und dabei m\u00f6glichst flexibel sein wollen, ist der STIHL Akku-Kombi-Motor KMA 80 R eine gute Wahl. Sie k\u00f6nnen ihn mit vielen STIHL\/strong KombiGer\u00e4ten verwenden. Das gew\u00fcnschte STIHL KombiSystemger\u00e4t l\u00e4sst sich dank der Schnellkupplung mit Fl\u00fcgelschraube einfach und werkzeuglos \u00fcber die Schnittstelle am Schaft montieren. Da der erste STIHL Kombimotor KMA 80 R sehr leise arbeitet, k\u00f6nnen Sie ihn auch in ger\u00e4uschsensiblen Bereichen einsetzen. Der STIHL KMA 80 R ist mit einem leistungsstarken b\u00fcrstenlosen EC-Motor ausgestattet und gut ausbalanciert, so dass Sie ihn bequem mit verschiedenen Kombiger\u00e4ten einsetzen k\u00f6nnen. Je nach Anwendung k\u00f6nnen Sie die variable Drehzahl direkt am Bediengriff in 2 Geschwindigkeitsstufen einstellen. Im ECO-Modus (Stufe 1) f\u00fcr einfachere Arbeiten verbraucht die STIHL KMA 80 R weniger Energie und verl\u00e4ngert so die Akkulaufzeit. Wenn Sie die maximale Drehzahl nutzen wollen, schalten Sie einfach \u00fcber den Schiebeschalter auf Stufe 2 um. Je nach eingesetztem Kombiger\u00e4t l\u00e4sst sich die Drehzahl stufenlos einstellen. Der Rundgriff mit Weichkomponente gibt Ihnen Flexibilit\u00e4t und viel Bewegungsfreiheit, auch in engen R\u00e4umen. Mit dem Schnellverstellsystem k\u00f6nnen Sie den Griff an Ihre K\u00f6rpergr\u00f6\u00dfe anpassen und so stets eine ergonomische Arbeitshaltung einnehmen.\/p<br \/>\n886661677238<\/p>\n<p>Nennspannung 36<br \/>\nBatteriesystem<\/p>\n<p>Ger\u00e4tegewicht<br \/>\nL\u00e4nge bis Kupplungsh\u00fclse 92<\/p>\n","protected":false},"excerpt":{"rendered":"<p>KMA 80 R, ohne Akku und Ladeger\u00e4t<\/p>\n","protected":false},"featured_media":423948,"template":"","meta":{"_seopress_robots_primary_cat":"","_seopress_titles_title":"","_seopress_titles_desc":"","_seopress_robots_index":""},"product_brand":[3366],"product_cat":[29,296],"product_tag":[3265],"class_list":{"0":"post-596594","1":"product","2":"type-product","3":"status-publish","4":"has-post-thumbnail","6":"product_brand-stihl","7":"product_cat-macchinari","8":"product_cat-sistemi-kombi-e-multi","9":"product_tag-import-stihl","10":"sws-gruppo-macchinari-de","11":"sws-conto-ricavi-merci-rivendita-macchinari-de","12":"sws-gruppo-iva-iva81-de","14":"first","15":"onbackorder","16":"purchasable","17":"product-type-simple"},"_links":{"self":[{"href":"https:\/\/lucacastelli.com\/de\/wp-json\/wp\/v2\/product\/596594","targetHints":{"allow":["GET"]}}],"collection":[{"href":"https:\/\/lucacastelli.com\/de\/wp-json\/wp\/v2\/product"}],"about":[{"href":"https:\/\/lucacastelli.com\/de\/wp-json\/wp\/v2\/types\/product"}],"wp:featuredmedia":[{"embeddable":true,"href":"https:\/\/lucacastelli.com\/de\/wp-json\/wp\/v2\/media\/423948"}],"wp:attachment":[{"href":"https:\/\/lucacastelli.com\/de\/wp-json\/wp\/v2\/media?parent=596594"}],"wp:term":[{"taxonomy":"product_brand","embeddable":true,"href":"https:\/\/lucacastelli.com\/de\/wp-json\/wp\/v2\/product_brand?post=596594"},{"taxonomy":"product_cat","embeddable":true,"href":"https:\/\/lucacastelli.com\/de\/wp-json\/wp\/v2\/product_cat?post=596594"},{"taxonomy":"product_tag","embeddable":true,"href":"https:\/\/lucacastelli.com\/de\/wp-json\/wp\/v2\/product_tag?post=596594"}],"curies":[{"name":"wp","href":"https:\/\/api.w.org\/{rel}","templated":true}]}}