{"id":596590,"date":"2025-05-31T22:41:31","date_gmt":"2025-05-31T20:41:31","guid":{"rendered":"https:\/\/lucacastelli.com\/prodotto\/halterung-1141-fuer-stihl-laser-2-in-1\/"},"modified":"2025-05-31T22:41:31","modified_gmt":"2025-05-31T20:41:31","slug":"halterung-1141-fuer-stihl-laser-2-in-1","status":"publish","type":"product","link":"https:\/\/lucacastelli.com\/de\/produkt\/halterung-1141-fuer-stihl-laser-2-in-1\/","title":{"rendered":"Halterung 1141 f\u00fcr STIHL Laser 2-in-1"},"content":{"rendered":"<p>F\u00fcr MS 261, MS 271, MS 291, alle Modelle, VW au\u00dfer<br \/>\n795711842222<\/p>\n","protected":false},"excerpt":{"rendered":"<p>Halterung 1141 f\u00fcr STIHL Laser 2-in-1<\/p>\n","protected":false},"featured_media":469149,"template":"","meta":{"_seopress_robots_primary_cat":"","_seopress_titles_title":"","_seopress_titles_desc":"","_seopress_robots_index":""},"product_brand":[3366],"product_cat":[29,268,484],"product_tag":[3265],"class_list":{"0":"post-596590","1":"product","2":"type-product","3":"status-publish","4":"has-post-thumbnail","6":"product_brand-stihl","7":"product_cat-macchinari","8":"product_cat-motoseghe","9":"product_cat-utensili-e-accessori-forestali","10":"product_tag-import-stihl","11":"sws-gruppo-macchinari-de","12":"sws-conto-ricavi-merci-rivendita-macchinari-de","13":"sws-gruppo-iva-iva81-de","15":"first","16":"onbackorder","17":"purchasable","18":"product-type-simple"},"_links":{"self":[{"href":"https:\/\/lucacastelli.com\/de\/wp-json\/wp\/v2\/product\/596590","targetHints":{"allow":["GET"]}}],"collection":[{"href":"https:\/\/lucacastelli.com\/de\/wp-json\/wp\/v2\/product"}],"about":[{"href":"https:\/\/lucacastelli.com\/de\/wp-json\/wp\/v2\/types\/product"}],"wp:featuredmedia":[{"embeddable":true,"href":"https:\/\/lucacastelli.com\/de\/wp-json\/wp\/v2\/media\/469149"}],"wp:attachment":[{"href":"https:\/\/lucacastelli.com\/de\/wp-json\/wp\/v2\/media?parent=596590"}],"wp:term":[{"taxonomy":"product_brand","embeddable":true,"href":"https:\/\/lucacastelli.com\/de\/wp-json\/wp\/v2\/product_brand?post=596590"},{"taxonomy":"product_cat","embeddable":true,"href":"https:\/\/lucacastelli.com\/de\/wp-json\/wp\/v2\/product_cat?post=596590"},{"taxonomy":"product_tag","embeddable":true,"href":"https:\/\/lucacastelli.com\/de\/wp-json\/wp\/v2\/product_tag?post=596590"}],"curies":[{"name":"wp","href":"https:\/\/api.w.org\/{rel}","templated":true}]}}