{"id":596572,"date":"2025-05-31T22:59:49","date_gmt":"2025-05-31T20:59:49","guid":{"rendered":"https:\/\/lucacastelli.com\/prodotto\/stihl-sha-56-mit-ak-20-und-al-101\/"},"modified":"2026-04-15T18:20:02","modified_gmt":"2026-04-15T16:20:02","slug":"stihl-sha-56-mit-ak-20-und-al-101","status":"publish","type":"product","link":"https:\/\/lucacastelli.com\/de\/produkt\/stihl-sha-56-mit-ak-20-und-al-101\/","title":{"rendered":"STIHL SHA 56, mit AK 20 und AL 101"},"content":{"rendered":"<p>Der erste Akku-Laubh\u00e4cksler im STIHL Sortiment. Als praktisches 2-in-1-Ger\u00e4t kann er sowohl zum Aufsaugen von Laub und Heckenschnitt als auch zum Zusammenblasen von Laub oder Papier verwendet werden. Der Umbau vom H\u00e4cksler zum Blasger\u00e4t ist besonders einfach und erfordert kein Werkzeug. Hervorragende Ergonomie in beiden Arbeitsmodi durch den schwenkbaren Griff mit stufenloser Geschwindigkeitsregelung. Als Vakuum-H\u00e4cksler mit zus\u00e4tzlichem Frontgriff, Metall-H\u00e4ckselstern und gepolstertem Schultergurt. Der Auffangsack wird am Saugschlauch befestigt und bietet durch sein asymmetrisches Design maximale Beinfreiheit. Tragbarer Fangsack auf der R\u00fcckseite als Zubeh\u00f6r erh\u00e4ltlich. Gebl\u00e4se mit Rundd\u00fcse und zweistufig l\u00e4ngenverstellbarem Gebl\u00e4serohr. Flachd\u00fcse f\u00fcr h\u00f6here Luftgeschwindigkeit als Zubeh\u00f6r erh\u00e4ltlich.<br \/>\n886661738755        <\/p>\n<p>Nennspannung 36<br \/>\nBatteriesystem<\/p>\n<p>Empfohlener Akku Empfohlener Akku<br \/>\nGer\u00e4tegewicht 4,2<br \/>\nMax. Luftgeschwindigkeit mit Rundd\u00fcse 56,0<\/p>\n","protected":false},"excerpt":{"rendered":"<p>SHA 56, mit AK 20 und AL 101<\/p>\n","protected":false},"featured_media":423985,"template":"","meta":{"_seopress_robots_primary_cat":"","_seopress_titles_title":"","_seopress_titles_desc":"","_seopress_robots_index":""},"product_brand":[3366],"product_cat":[29,485,497],"product_tag":[3265],"class_list":{"0":"post-596572","1":"product","2":"type-product","3":"status-publish","4":"has-post-thumbnail","6":"product_brand-stihl","7":"product_cat-macchinari","8":"product_cat-soffiatori-e-aspiratori","9":"product_cat-aspiratore-trituratore","10":"product_tag-import-stihl","11":"sws-gruppo-macchinari-de","12":"sws-conto-ricavi-merci-rivendita-macchinari-de","13":"sws-gruppo-iva-iva81-de","15":"first","16":"onbackorder","17":"purchasable","18":"product-type-simple"},"_links":{"self":[{"href":"https:\/\/lucacastelli.com\/de\/wp-json\/wp\/v2\/product\/596572","targetHints":{"allow":["GET"]}}],"collection":[{"href":"https:\/\/lucacastelli.com\/de\/wp-json\/wp\/v2\/product"}],"about":[{"href":"https:\/\/lucacastelli.com\/de\/wp-json\/wp\/v2\/types\/product"}],"wp:featuredmedia":[{"embeddable":true,"href":"https:\/\/lucacastelli.com\/de\/wp-json\/wp\/v2\/media\/423985"}],"wp:attachment":[{"href":"https:\/\/lucacastelli.com\/de\/wp-json\/wp\/v2\/media?parent=596572"}],"wp:term":[{"taxonomy":"product_brand","embeddable":true,"href":"https:\/\/lucacastelli.com\/de\/wp-json\/wp\/v2\/product_brand?post=596572"},{"taxonomy":"product_cat","embeddable":true,"href":"https:\/\/lucacastelli.com\/de\/wp-json\/wp\/v2\/product_cat?post=596572"},{"taxonomy":"product_tag","embeddable":true,"href":"https:\/\/lucacastelli.com\/de\/wp-json\/wp\/v2\/product_tag?post=596572"}],"curies":[{"name":"wp","href":"https:\/\/api.w.org\/{rel}","templated":true}]}}