{"id":596567,"date":"2025-05-31T22:58:33","date_gmt":"2025-05-31T20:58:33","guid":{"rendered":"https:\/\/lucacastelli.com\/prodotto\/stihl-36-rh-rapid-hexa-kettenrolle\/"},"modified":"2025-05-31T22:58:33","modified_gmt":"2025-05-31T20:58:33","slug":"stihl-36-rh-rapid-hexa-kettenrolle","status":"publish","type":"product","link":"https:\/\/lucacastelli.com\/de\/produkt\/stihl-36-rh-rapid-hexa-kettenrolle\/","title":{"rendered":"STIHL 36 RH Rapid Hexa Kettenrolle"},"content":{"rendered":"<p>div<br \/>\npDie STIHL 3\/8&#8243;-Rapid-Hexa-Kette mit Vollmei\u00dfelz\u00e4hnen erreicht dank der innovativen Zahnform und der d\u00fcnnen Schneidfuge eine extrem hohe Schnittleistung. Die neue, innovative Kette f\u00fcr STIHL Motors\u00e4gen ist eine hervorragende Wahl f\u00fcr professionelle Baumf\u00e4ller und Landwirte, die B\u00e4ume noch schneller f\u00e4llen und beschneiden wollen. Die Vorteile dieser Kette kommen besonders beim Schneiden quer zur Faser zum Tragen.<br \/>\npDie STIHL Rapid Hexa-Kette basiert auf dem exklusiven, patentierten STIHL HEXA-System, das mit aufeinander abgestimmten Hexa-Z\u00e4hnen und Feilen ein schnelles, einfaches und pr\u00e4zises Sch\u00e4rfen erm\u00f6glicht. So k\u00f6nnen Sie schneller s\u00e4gen und die Kette mit Vollmei\u00dfelz\u00e4hnen bleibt l\u00e4nger scharf. Dar\u00fcber hinaus vermeidet das HEXA-System das Feilen in den F\u00fchrungs- und Verbindungsgliedern und minimiert so die Gefahr von Kettenbr\u00fcchen. Dank dieses Systems k\u00f6nnen auch unge\u00fcbte Anwender in einem nahezu idealen Winkel sch\u00e4rfen. Diese Eigenschaften verleihen der STIHL 3\/8&#8243;-Rapid-Hexa-3-Kette eine deutlich l\u00e4ngere Lebensdauer und Einsatzdauer.\/pp<br \/>\nDie hohe Schnittqualit\u00e4t, die durch die Vollkornz\u00e4hne der Rapid Hexa Kette gew\u00e4hrleistet wird, erm\u00f6glicht stets saubere und pr\u00e4zise Schnitte. So k\u00f6nnen Sie z. B. mit der Kettens\u00e4ge MS 462 effizient B\u00e4ume f\u00e4llen und selbst dickstes Holz mit h\u00f6chster Pr\u00e4zision durchtrennen. Dank der reduzierten Vibrationsneigung k\u00f6nnen Sie die Kettens\u00e4ge pr\u00e4zise positionieren und sicher durch das Holz f\u00fchren.\/ppDie Hexa-Kette kann nur mit der Hexa-Feile gesch\u00e4rft werden.\/p\/div<br \/>\n886661616220<\/p>\n<p>Kettenteilung 9.32mm\/3\/8&#8243;<br \/>\nF\u00fchrungsgliedst\u00e4rke<\/p>\n","protected":false},"excerpt":{"rendered":"<p>36 RH Rapid Hexa Kettenrolle<\/p>\n","protected":false},"featured_media":423750,"template":"","meta":{"_seopress_robots_primary_cat":"","_seopress_titles_title":"","_seopress_titles_desc":"","_seopress_robots_index":""},"product_brand":[3366],"product_cat":[29],"product_tag":[3265],"class_list":{"0":"post-596567","1":"product","2":"type-product","3":"status-publish","4":"has-post-thumbnail","6":"product_brand-stihl","7":"product_cat-macchinari","8":"product_tag-import-stihl","9":"sws-gruppo-macchinari-de","10":"sws-conto-ricavi-merci-rivendita-macchinari-de","11":"sws-gruppo-iva-iva81-de","13":"first","14":"onbackorder","15":"purchasable","16":"product-type-simple"},"_links":{"self":[{"href":"https:\/\/lucacastelli.com\/de\/wp-json\/wp\/v2\/product\/596567","targetHints":{"allow":["GET"]}}],"collection":[{"href":"https:\/\/lucacastelli.com\/de\/wp-json\/wp\/v2\/product"}],"about":[{"href":"https:\/\/lucacastelli.com\/de\/wp-json\/wp\/v2\/types\/product"}],"wp:featuredmedia":[{"embeddable":true,"href":"https:\/\/lucacastelli.com\/de\/wp-json\/wp\/v2\/media\/423750"}],"wp:attachment":[{"href":"https:\/\/lucacastelli.com\/de\/wp-json\/wp\/v2\/media?parent=596567"}],"wp:term":[{"taxonomy":"product_brand","embeddable":true,"href":"https:\/\/lucacastelli.com\/de\/wp-json\/wp\/v2\/product_brand?post=596567"},{"taxonomy":"product_cat","embeddable":true,"href":"https:\/\/lucacastelli.com\/de\/wp-json\/wp\/v2\/product_cat?post=596567"},{"taxonomy":"product_tag","embeddable":true,"href":"https:\/\/lucacastelli.com\/de\/wp-json\/wp\/v2\/product_tag?post=596567"}],"curies":[{"name":"wp","href":"https:\/\/api.w.org\/{rel}","templated":true}]}}