{"id":596558,"date":"2025-05-31T22:59:21","date_gmt":"2025-05-31T20:59:21","guid":{"rendered":"https:\/\/lucacastelli.com\/prodotto\/stihl-mh-445-r\/"},"modified":"2025-05-31T22:59:21","modified_gmt":"2025-05-31T20:59:21","slug":"stihl-mh-445-r","status":"publish","type":"product","link":"https:\/\/lucacastelli.com\/de\/produkt\/stihl-mh-445-r\/","title":{"rendered":"STIHL MH 445 R"},"content":{"rendered":"<p>Leistungsstarke Bodenfr\u00e4se mit hoher Wendigkeit f\u00fcr Arbeiten auch auf engstem Raum. Hoher Bedienkomfort f\u00fcr m\u00fcheloses Hacken. Minimale Vibrationen dank integriertem Anti-Vibrationssystem.<br \/>\n886661644551  <\/p>\n<p>Verdr\u00e4ngung 139<br \/>\nGetriebe<\/p>\n<p>Motortyp<br \/>\nCO2 922<br \/>\nGewicht 37.0<\/p>\n","protected":false},"excerpt":{"rendered":"<p>MH 445 R<\/p>\n","protected":false},"featured_media":423852,"template":"","meta":{"_seopress_robots_primary_cat":"","_seopress_titles_title":"","_seopress_titles_desc":"","_seopress_robots_index":""},"product_brand":[3554],"product_cat":[1454,169,1529],"product_tag":[3266],"class_list":{"0":"post-596558","1":"product","2":"type-product","3":"status-publish","4":"has-post-thumbnail","6":"product_brand-stihl-de","7":"product_cat-andere-gerate","8":"product_cat-maschinen","9":"product_cat-motorhacken","10":"product_tag-import-stihl-de","11":"sws-gruppo-macchinari-de","12":"sws-conto-ricavi-merci-rivendita-macchinari-de","13":"sws-gruppo-iva-iva81-de","15":"first","16":"onbackorder","17":"purchasable","18":"product-type-simple"},"_links":{"self":[{"href":"https:\/\/lucacastelli.com\/de\/wp-json\/wp\/v2\/product\/596558","targetHints":{"allow":["GET"]}}],"collection":[{"href":"https:\/\/lucacastelli.com\/de\/wp-json\/wp\/v2\/product"}],"about":[{"href":"https:\/\/lucacastelli.com\/de\/wp-json\/wp\/v2\/types\/product"}],"wp:featuredmedia":[{"embeddable":true,"href":"https:\/\/lucacastelli.com\/de\/wp-json\/wp\/v2\/media\/423852"}],"wp:attachment":[{"href":"https:\/\/lucacastelli.com\/de\/wp-json\/wp\/v2\/media?parent=596558"}],"wp:term":[{"taxonomy":"product_brand","embeddable":true,"href":"https:\/\/lucacastelli.com\/de\/wp-json\/wp\/v2\/product_brand?post=596558"},{"taxonomy":"product_cat","embeddable":true,"href":"https:\/\/lucacastelli.com\/de\/wp-json\/wp\/v2\/product_cat?post=596558"},{"taxonomy":"product_tag","embeddable":true,"href":"https:\/\/lucacastelli.com\/de\/wp-json\/wp\/v2\/product_tag?post=596558"}],"curies":[{"name":"wp","href":"https:\/\/api.w.org\/{rel}","templated":true}]}}