{"id":596536,"date":"2025-05-31T22:56:16","date_gmt":"2025-05-31T20:56:16","guid":{"rendered":"https:\/\/lucacastelli.com\/prodotto\/stihl-service-kit-45\/"},"modified":"2025-05-31T22:56:16","modified_gmt":"2025-05-31T20:56:16","slug":"stihl-service-kit-45","status":"publish","type":"product","link":"https:\/\/lucacastelli.com\/de\/produkt\/stihl-service-kit-45\/","title":{"rendered":"STIHL Service-Kit 45"},"content":{"rendered":"<p>Mit den STIHL Benzin-Kettens\u00e4gen-Wartungspaketen k\u00f6nnen Sie einfache Wartungsarbeiten selbst durchf\u00fchren. Jedes Set enth\u00e4lt eine Z\u00fcndkerze, einen Kraftstofffilter und einen Vlies- oder HD2-Luftfilter. Mit einer vorausschauenden Standardwartung<br \/>\nund regelm\u00e4\u00dfiger Wartung sch\u00fctzen Sie nicht nur Bauteile und Werkzeugteile vor Verschmutzung oder Besch\u00e4digung, sondern erh\u00f6hen gleichzeitig die Lebensdauer Ihrer Kettens\u00e4ge. Au\u00dfer dem Kombi-Schl\u00fcssel, den Sie bereits mit Ihrer Kettens\u00e4ge<br \/>\nSTIHL erhalten haben, ben\u00f6tigen Sie kein weiteres Werkzeug f\u00fcr die Wartung.   <\/p>\n<p>Geeignet f\u00fcr MS 170 (mit 2-MIX STIHL Motor), MS 180 (mit 2-MIX STIHL Motor)<\/p>\n","protected":false},"excerpt":{"rendered":"<p>Wartungssatz 45<\/p>\n","protected":false},"featured_media":423641,"template":"","meta":{"_seopress_robots_primary_cat":"none","_seopress_titles_title":"","_seopress_titles_desc":"","_seopress_robots_index":""},"product_brand":[3554],"product_cat":[169,1455],"product_tag":[3266],"class_list":{"0":"post-596536","1":"product","2":"type-product","3":"status-publish","4":"has-post-thumbnail","6":"product_brand-stihl-de","7":"product_cat-maschinen","8":"product_cat-zubehor-und-verbrauchsmaterial-de","9":"product_tag-import-stihl-de","10":"sws-gruppo-macchinari-de","11":"sws-conto-ricavi-merci-rivendita-macchinari-de","12":"sws-gruppo-iva-iva81-de","14":"first","15":"onbackorder","16":"purchasable","17":"product-type-simple"},"_links":{"self":[{"href":"https:\/\/lucacastelli.com\/de\/wp-json\/wp\/v2\/product\/596536","targetHints":{"allow":["GET"]}}],"collection":[{"href":"https:\/\/lucacastelli.com\/de\/wp-json\/wp\/v2\/product"}],"about":[{"href":"https:\/\/lucacastelli.com\/de\/wp-json\/wp\/v2\/types\/product"}],"wp:featuredmedia":[{"embeddable":true,"href":"https:\/\/lucacastelli.com\/de\/wp-json\/wp\/v2\/media\/423641"}],"wp:attachment":[{"href":"https:\/\/lucacastelli.com\/de\/wp-json\/wp\/v2\/media?parent=596536"}],"wp:term":[{"taxonomy":"product_brand","embeddable":true,"href":"https:\/\/lucacastelli.com\/de\/wp-json\/wp\/v2\/product_brand?post=596536"},{"taxonomy":"product_cat","embeddable":true,"href":"https:\/\/lucacastelli.com\/de\/wp-json\/wp\/v2\/product_cat?post=596536"},{"taxonomy":"product_tag","embeddable":true,"href":"https:\/\/lucacastelli.com\/de\/wp-json\/wp\/v2\/product_tag?post=596536"}],"curies":[{"name":"wp","href":"https:\/\/api.w.org\/{rel}","templated":true}]}}