{"id":596533,"date":"2025-05-31T23:02:16","date_gmt":"2025-05-31T21:02:16","guid":{"rendered":"https:\/\/lucacastelli.com\/prodotto\/stihl-kma-120-r-ohne-akku-und-ladegeraet\/"},"modified":"2025-05-31T23:02:16","modified_gmt":"2025-05-31T21:02:16","slug":"stihl-kma-120-r-ohne-akku-und-ladegeraet","status":"publish","type":"product","link":"https:\/\/lucacastelli.com\/de\/produkt\/stihl-kma-120-r-ohne-akku-und-ladegeraet\/","title":{"rendered":"STIHL KMA 120 R, ohne Akku und Ladeger\u00e4t"},"content":{"rendered":"<p>Kraftvoller und leichter Akku-Kombi-Motor mit hohem Drehmoment f\u00fcr energieeffizientes und ger\u00e4uscharmes Arbeiten. \u00c4u\u00dferst vielseitig durch das breite Kombi-Ger\u00e4teprogramm von STIHL. Im Ger\u00e4t integriertes AP-Akkufach, b\u00fcrstenloser EC-Motor, Drehzahlregelung und zwei Leistungsstufen (Eco und Max), Rundgriff mit werkzeugloser Verstellung. Neigungsbegrenzer l\u00e4sst sich leicht ein- und ausbauen. Seitliche Schalthebelarretierung, schwenkbare Befestigungs\u00f6se. KMA 120 R kann nicht mit dem Freischneider FSB-KM verwendet werden.<br \/>\n886661742295<\/p>\n<p>Nennspannung 36<br \/>\nBatteriesystem<\/p>\n<p>Ger\u00e4tegewicht<br \/>\nBatterielebensdauer mit AP 200 25<br \/>\nBatterielebensdauer mit AP 300 S 45<\/p>\n","protected":false},"excerpt":{"rendered":"<p>KMA 120 R, ohne Akku und Ladeger\u00e4t<\/p>\n","protected":false},"featured_media":424166,"template":"","meta":{"_seopress_robots_primary_cat":"","_seopress_titles_title":"","_seopress_titles_desc":"","_seopress_robots_index":""},"product_brand":[3554],"product_cat":[1639,169],"product_tag":[3266],"class_list":{"0":"post-596533","1":"product","2":"type-product","3":"status-publish","4":"has-post-thumbnail","6":"product_brand-stihl-de","7":"product_cat-kombi-und-multi-systeme","8":"product_cat-maschinen","9":"product_tag-import-stihl-de","10":"sws-gruppo-macchinari-de","11":"sws-conto-ricavi-merci-rivendita-macchinari-de","12":"sws-gruppo-iva-iva81-de","14":"first","15":"onbackorder","16":"purchasable","17":"product-type-simple"},"_links":{"self":[{"href":"https:\/\/lucacastelli.com\/de\/wp-json\/wp\/v2\/product\/596533","targetHints":{"allow":["GET"]}}],"collection":[{"href":"https:\/\/lucacastelli.com\/de\/wp-json\/wp\/v2\/product"}],"about":[{"href":"https:\/\/lucacastelli.com\/de\/wp-json\/wp\/v2\/types\/product"}],"wp:featuredmedia":[{"embeddable":true,"href":"https:\/\/lucacastelli.com\/de\/wp-json\/wp\/v2\/media\/424166"}],"wp:attachment":[{"href":"https:\/\/lucacastelli.com\/de\/wp-json\/wp\/v2\/media?parent=596533"}],"wp:term":[{"taxonomy":"product_brand","embeddable":true,"href":"https:\/\/lucacastelli.com\/de\/wp-json\/wp\/v2\/product_brand?post=596533"},{"taxonomy":"product_cat","embeddable":true,"href":"https:\/\/lucacastelli.com\/de\/wp-json\/wp\/v2\/product_cat?post=596533"},{"taxonomy":"product_tag","embeddable":true,"href":"https:\/\/lucacastelli.com\/de\/wp-json\/wp\/v2\/product_tag?post=596533"}],"curies":[{"name":"wp","href":"https:\/\/api.w.org\/{rel}","templated":true}]}}