{"id":596501,"date":"2025-05-31T22:43:42","date_gmt":"2025-05-31T20:43:42","guid":{"rendered":"https:\/\/lucacastelli.com\/prodotto\/schnittrichtungsanzeiger-fuer-fw-20-wagen\/"},"modified":"2025-05-31T22:43:42","modified_gmt":"2025-05-31T20:43:42","slug":"schnittrichtungsanzeiger-fuer-fw-20-wagen","status":"publish","type":"product","link":"https:\/\/lucacastelli.com\/de\/produkt\/schnittrichtungsanzeiger-fuer-fw-20-wagen\/","title":{"rendered":"Schnittrichtungsanzeiger f\u00fcr FW 20 Wagen"},"content":{"rendered":"<p>F\u00fcr F\u00fchrungswagen FW 20.<br \/>\n795711194505<\/p>\n","protected":false},"excerpt":{"rendered":"<p>Schnittrichtungsanzeiger f\u00fcr FW 20 Wagen<\/p>\n","protected":false},"featured_media":482219,"template":"","meta":{"_seopress_robots_primary_cat":"","_seopress_titles_title":"","_seopress_titles_desc":"","_seopress_robots_index":""},"product_brand":[3366],"product_cat":[29,484],"product_tag":[3265],"class_list":{"0":"post-596501","1":"product","2":"type-product","3":"status-publish","4":"has-post-thumbnail","6":"product_brand-stihl","7":"product_cat-macchinari","8":"product_cat-utensili-e-accessori-forestali","9":"product_tag-import-stihl","10":"sws-gruppo-macchinari-de","11":"sws-conto-ricavi-merci-rivendita-macchinari-de","12":"sws-gruppo-iva-iva81-de","14":"first","15":"onbackorder","16":"purchasable","17":"product-type-simple"},"_links":{"self":[{"href":"https:\/\/lucacastelli.com\/de\/wp-json\/wp\/v2\/product\/596501","targetHints":{"allow":["GET"]}}],"collection":[{"href":"https:\/\/lucacastelli.com\/de\/wp-json\/wp\/v2\/product"}],"about":[{"href":"https:\/\/lucacastelli.com\/de\/wp-json\/wp\/v2\/types\/product"}],"wp:featuredmedia":[{"embeddable":true,"href":"https:\/\/lucacastelli.com\/de\/wp-json\/wp\/v2\/media\/482219"}],"wp:attachment":[{"href":"https:\/\/lucacastelli.com\/de\/wp-json\/wp\/v2\/media?parent=596501"}],"wp:term":[{"taxonomy":"product_brand","embeddable":true,"href":"https:\/\/lucacastelli.com\/de\/wp-json\/wp\/v2\/product_brand?post=596501"},{"taxonomy":"product_cat","embeddable":true,"href":"https:\/\/lucacastelli.com\/de\/wp-json\/wp\/v2\/product_cat?post=596501"},{"taxonomy":"product_tag","embeddable":true,"href":"https:\/\/lucacastelli.com\/de\/wp-json\/wp\/v2\/product_tag?post=596501"}],"curies":[{"name":"wp","href":"https:\/\/api.w.org\/{rel}","templated":true}]}}