{"id":596500,"date":"2025-05-31T22:32:39","date_gmt":"2025-05-31T20:32:39","guid":{"rendered":"https:\/\/lucacastelli.com\/prodotto\/stihl-bga-200-set-inkl-abstuetzsystem\/"},"modified":"2026-02-05T15:47:15","modified_gmt":"2026-02-05T14:47:15","slug":"stihl-bga-200-set-inkl-abstuetzsystem","status":"publish","type":"product","link":"https:\/\/lucacastelli.com\/de\/produkt\/stihl-bga-200-set-inkl-abstuetzsystem\/","title":{"rendered":"STIHL BGA 200, Set inkl. Abst\u00fctzsystem"},"content":{"rendered":"<p>pF\u00fcr Reinigungsarbeiten in st\u00e4dtischen und l\u00e4rmsensiblen Bereichen bietet das Akku-Gebl\u00e4se BGA 200 eine hohe Leistung bei geringen Emissionen, besonders geeignet f\u00fcr Profis. Dank der Boost-Funktion k\u00f6nnen Sie jederzeit die maximale Leistung des Gebl\u00e4ses abrufen, ohne die Handhaltung zu ver\u00e4ndern. Die maximale Blaskraft betr\u00e4gt 21 N. Generell kann die Gebl\u00e4seleistung \u00fcber ein zentrales Steuerger\u00e4t eingestellt werden, so dass Sie den Energieeinsatz an die Anforderungen der Arbeit anpassen k\u00f6nnen. Die verwendete Leistungsstufe wird \u00fcber LEDs angezeigt. Um die Effizienz beim Arbeiten weiter zu steigern, k\u00f6nnen Sie den Schlauch mit dem schnell verstellbaren Gebl\u00e4seschlauch je nach Arbeitsbereich verk\u00fcrzen oder verl\u00e4ngern. Nur in Kombination mit einem Rucksack-Akku spielt das Komfort-Transportsystem seine St\u00e4rken aus. Es kann nicht mit einem Akku-G\u00fcrtel oder einem AP-Akku-Rucksack verwendet werden. Das Komfort-Transportsystem f\u00fcr den BGA 200 besteht aus einer Aufh\u00e4ngevorrichtung am Gebl\u00e4se und einer Tr\u00e4gerplatte, die am G\u00fcrtel des AR*-Akkurucksacks befestigt wird. Auf diese Weise k\u00f6nnen Sie das Gebl\u00e4se schnell an der Tr\u00e4gerplatte befestigen und abnehmen. Bei Bedarf k\u00f6nnen Sie es aushaken und mit der Hand tragen. Das kabellose Gebl\u00e4se BGA 200 wird so zu einem 2-in-1-Ger\u00e4t. Bei l\u00e4ngerem Gebrauch spart dieses System Energie, w\u00e4hrend Sie gleichzeitig die Vorteile und die Flexibilit\u00e4t eines handgef\u00fchrten Ger\u00e4ts genie\u00dfen k\u00f6nnen. Bei angedocktem Gebl\u00e4se spielt auch der zweite Griff seine St\u00e4rken aus und erh\u00f6ht den Arbeitskomfort, da sich die Handposition jederzeit \u00e4ndern l\u00e4sst.\/ppAlle Akku-Ger\u00e4te des STIHL AP-Systems sind f\u00fcr professionelle Anwender und den t\u00e4glichen Einsatz auch bei widrigen Wetterbedingungen konzipiert. Deshalb verf\u00fcgen sie \u00fcber einen gepr\u00fcften Spritzwasserschutz. Ihre Wirksamkeit wird in strengen internen Tests nachgewiesen. Die Spritzwasserschutzpr\u00fcfung basiert unter anderem auf dem IPX4-Standard.\/p<br \/>\n886661965496<\/p>\n<p>Nennspannung 36<br \/>\nBatteriesystem<\/p>\n<p>Ger\u00e4tegewicht<br \/>\nSchutzart IP IPX4<br \/>\nMax. Luftgeschwindigkeit mit Rundd\u00fcse 84,0<\/p>\n","protected":false},"excerpt":{"rendered":"<p>BGA 200, Set inkl. Tr\u00e4gersystem<\/p>\n","protected":false},"featured_media":422683,"template":"","meta":{"_seopress_robots_primary_cat":"","_seopress_titles_title":"","_seopress_titles_desc":"","_seopress_robots_index":""},"product_brand":[3554],"product_cat":[1654,1641,169],"product_tag":[3266],"class_list":{"0":"post-596500","1":"product","2":"type-product","3":"status-publish","4":"has-post-thumbnail","6":"product_brand-stihl-de","7":"product_cat-akku-geblase","8":"product_cat-geblase-und-staubsauger","9":"product_cat-maschinen","10":"product_tag-import-stihl-de","11":"sws-gruppo-macchinari-de","12":"sws-categoria-sito-de","13":"sws-conto-ricavi-merci-rivendita-macchinari-de","14":"sws-gruppo-iva-iva81-de","16":"first","17":"onbackorder","18":"purchasable","19":"product-type-simple"},"_links":{"self":[{"href":"https:\/\/lucacastelli.com\/de\/wp-json\/wp\/v2\/product\/596500","targetHints":{"allow":["GET"]}}],"collection":[{"href":"https:\/\/lucacastelli.com\/de\/wp-json\/wp\/v2\/product"}],"about":[{"href":"https:\/\/lucacastelli.com\/de\/wp-json\/wp\/v2\/types\/product"}],"wp:featuredmedia":[{"embeddable":true,"href":"https:\/\/lucacastelli.com\/de\/wp-json\/wp\/v2\/media\/422683"}],"wp:attachment":[{"href":"https:\/\/lucacastelli.com\/de\/wp-json\/wp\/v2\/media?parent=596500"}],"wp:term":[{"taxonomy":"product_brand","embeddable":true,"href":"https:\/\/lucacastelli.com\/de\/wp-json\/wp\/v2\/product_brand?post=596500"},{"taxonomy":"product_cat","embeddable":true,"href":"https:\/\/lucacastelli.com\/de\/wp-json\/wp\/v2\/product_cat?post=596500"},{"taxonomy":"product_tag","embeddable":true,"href":"https:\/\/lucacastelli.com\/de\/wp-json\/wp\/v2\/product_tag?post=596500"}],"curies":[{"name":"wp","href":"https:\/\/api.w.org\/{rel}","templated":true}]}}