{"id":596497,"date":"2025-05-31T22:43:29","date_gmt":"2025-05-31T20:43:29","guid":{"rendered":"https:\/\/lucacastelli.com\/prodotto\/stihl-guertel\/"},"modified":"2025-05-31T22:43:29","modified_gmt":"2025-05-31T20:43:29","slug":"stihl-guertel","status":"publish","type":"product","link":"https:\/\/lucacastelli.com\/de\/produkt\/stihl-guertel\/","title":{"rendered":"STIHL G\u00fcrtel"},"content":{"rendered":"<p>Er verteilt das Gewicht des Arbeitsger\u00e4ts gleichm\u00e4\u00dfig, sorgt f\u00fcr eine bequeme Haltung und entlastet den R\u00fccken auch bei l\u00e4ngerer Arbeit.<br \/>\n795711265021<\/p>\n","protected":false},"excerpt":{"rendered":"<p>G\u00fcrtel<\/p>\n","protected":false},"featured_media":423036,"template":"","meta":{"_seopress_robots_primary_cat":"","_seopress_titles_title":"","_seopress_titles_desc":"","_seopress_robots_index":""},"product_brand":[3554],"product_cat":[169,1641,1645],"product_tag":[3266],"class_list":{"0":"post-596497","1":"product","2":"type-product","3":"status-publish","4":"has-post-thumbnail","6":"product_brand-stihl-de","7":"product_cat-maschinen","8":"product_cat-geblase-und-staubsauger","9":"product_cat-zubehor-und-verbrauchsmaterial-de-6","10":"product_tag-import-stihl-de","11":"sws-gruppo-macchinari-de","12":"sws-conto-ricavi-merci-rivendita-macchinari-de","13":"sws-gruppo-iva-iva81-de","15":"first","16":"onbackorder","17":"purchasable","18":"product-type-simple"},"_links":{"self":[{"href":"https:\/\/lucacastelli.com\/de\/wp-json\/wp\/v2\/product\/596497","targetHints":{"allow":["GET"]}}],"collection":[{"href":"https:\/\/lucacastelli.com\/de\/wp-json\/wp\/v2\/product"}],"about":[{"href":"https:\/\/lucacastelli.com\/de\/wp-json\/wp\/v2\/types\/product"}],"wp:featuredmedia":[{"embeddable":true,"href":"https:\/\/lucacastelli.com\/de\/wp-json\/wp\/v2\/media\/423036"}],"wp:attachment":[{"href":"https:\/\/lucacastelli.com\/de\/wp-json\/wp\/v2\/media?parent=596497"}],"wp:term":[{"taxonomy":"product_brand","embeddable":true,"href":"https:\/\/lucacastelli.com\/de\/wp-json\/wp\/v2\/product_brand?post=596497"},{"taxonomy":"product_cat","embeddable":true,"href":"https:\/\/lucacastelli.com\/de\/wp-json\/wp\/v2\/product_cat?post=596497"},{"taxonomy":"product_tag","embeddable":true,"href":"https:\/\/lucacastelli.com\/de\/wp-json\/wp\/v2\/product_tag?post=596497"}],"curies":[{"name":"wp","href":"https:\/\/api.w.org\/{rel}","templated":true}]}}