{"id":596491,"date":"2026-02-07T22:31:35","date_gmt":"2026-02-07T21:31:35","guid":{"rendered":"https:\/\/lucacastelli.com\/prodotto\/stihl-gta-26-set-mit-as-2-und-al-1\/"},"modified":"2026-04-18T22:05:15","modified_gmt":"2026-04-18T20:05:15","slug":"stihl-gta-26-set-mit-as-2-und-al-1","status":"publish","type":"product","link":"https:\/\/lucacastelli.com\/de\/produkt\/stihl-gta-26-set-mit-as-2-und-al-1\/","title":{"rendered":"STIHL GTA 26 Set, mit AS 2 und AL 1"},"content":{"rendered":"<p>Vielseitiger Akku-Geh\u00f6lzschneider. Zum Schneiden von B\u00e4umen und Str\u00e4uchern, zum Zerkleinern von Schnittgut und f\u00fcr Holzarbeiten. Mit 1\/4&#8243; PM3-S\u00e4gekette f\u00fcr hohe Leistung und kraftvolle Schnitte. Rutschfester Bediengriff f\u00fcr perfekte Ergonomie. Werkzeugloser Kettenwechsel, flexible Schutzhaube f\u00fcr sicheres Arbeiten, mit Ladezustandsanzeige.<br \/>\n886661634262    <\/p>\n<p>Nennspannung 11<br \/>\nLeistungsaufnahme Leistungsaufnahme<\/p>\n<p>Leistung Leistung<br \/>\nAkkusystem AS<br \/>\nGewicht des Ger\u00e4ts 1.1<\/p>\n","protected":false},"excerpt":{"rendered":"<p>GTA 26 Set, mit AS 2 und AL 1<\/p>\n","protected":false},"featured_media":637872,"template":"","meta":{"_seopress_robots_primary_cat":"none","_seopress_titles_title":"","_seopress_titles_desc":"","_seopress_robots_index":""},"product_brand":[3554],"product_cat":[169],"product_tag":[3266],"class_list":{"0":"post-596491","1":"product","2":"type-product","3":"status-publish","4":"has-post-thumbnail","6":"product_brand-stihl-de","7":"product_cat-maschinen","8":"product_tag-import-stihl-de","9":"sws-gruppo-macchinari-de","10":"sws-conto-ricavi-merci-rivendita-macchinari-de","11":"sws-gruppo-iva-iva81-de","13":"first","14":"onbackorder","15":"sale","16":"purchasable","17":"product-type-simple"},"_links":{"self":[{"href":"https:\/\/lucacastelli.com\/de\/wp-json\/wp\/v2\/product\/596491","targetHints":{"allow":["GET"]}}],"collection":[{"href":"https:\/\/lucacastelli.com\/de\/wp-json\/wp\/v2\/product"}],"about":[{"href":"https:\/\/lucacastelli.com\/de\/wp-json\/wp\/v2\/types\/product"}],"wp:featuredmedia":[{"embeddable":true,"href":"https:\/\/lucacastelli.com\/de\/wp-json\/wp\/v2\/media\/637872"}],"wp:attachment":[{"href":"https:\/\/lucacastelli.com\/de\/wp-json\/wp\/v2\/media?parent=596491"}],"wp:term":[{"taxonomy":"product_brand","embeddable":true,"href":"https:\/\/lucacastelli.com\/de\/wp-json\/wp\/v2\/product_brand?post=596491"},{"taxonomy":"product_cat","embeddable":true,"href":"https:\/\/lucacastelli.com\/de\/wp-json\/wp\/v2\/product_cat?post=596491"},{"taxonomy":"product_tag","embeddable":true,"href":"https:\/\/lucacastelli.com\/de\/wp-json\/wp\/v2\/product_tag?post=596491"}],"curies":[{"name":"wp","href":"https:\/\/api.w.org\/{rel}","templated":true}]}}