{"id":596356,"date":"2025-06-01T02:40:56","date_gmt":"2025-06-01T00:40:56","guid":{"rendered":"https:\/\/lucacastelli.com\/prodotto\/stihl-prof-hosentraeger-schwarz-orange-110-cm-an-knoepfen\/"},"modified":"2025-06-01T02:40:56","modified_gmt":"2025-06-01T00:40:56","slug":"stihl-prof-hosentraeger-schwarz-orange-110-cm-an-knoepfen","status":"publish","type":"product","link":"https:\/\/lucacastelli.com\/de\/produkt\/stihl-prof-hosentraeger-schwarz-orange-110-cm-an-knoepfen\/","title":{"rendered":"STIHL Prof. Hosentr\u00e4ger schwarz\/orange, 110 cm, an Kn\u00f6pfen"},"content":{"rendered":"<p>Mit Kn\u00f6pfen zum Aufkn\u00f6pfen.<br \/>\n795711329235<\/p>\n","protected":false},"excerpt":{"rendered":"<p>Prof. Hosentr\u00e4ger schwarz\/orange, 110 cm, gekn\u00f6pft<\/p>\n","protected":false},"featured_media":425409,"template":"","meta":{"_seopress_robots_primary_cat":"","_seopress_titles_title":"","_seopress_titles_desc":"","_seopress_robots_index":""},"product_brand":[3366],"product_cat":[21,284,186],"product_tag":[3265],"class_list":{"0":"post-596356","1":"product","2":"type-product","3":"status-publish","4":"has-post-thumbnail","6":"product_brand-stihl","7":"product_cat-abbigliamento","8":"product_cat-abbigliamento-da-lavoro","9":"product_cat-accessori-per-labbigliamento","10":"product_tag-import-stihl","11":"sws-gruppo-abb-libero-de","12":"sws-conto-ricavi-merci-rivendita-abbigliamento-de","13":"sws-gruppo-iva-iva81-de","15":"first","16":"onbackorder","17":"purchasable","18":"product-type-simple"},"_links":{"self":[{"href":"https:\/\/lucacastelli.com\/de\/wp-json\/wp\/v2\/product\/596356","targetHints":{"allow":["GET"]}}],"collection":[{"href":"https:\/\/lucacastelli.com\/de\/wp-json\/wp\/v2\/product"}],"about":[{"href":"https:\/\/lucacastelli.com\/de\/wp-json\/wp\/v2\/types\/product"}],"wp:featuredmedia":[{"embeddable":true,"href":"https:\/\/lucacastelli.com\/de\/wp-json\/wp\/v2\/media\/425409"}],"wp:attachment":[{"href":"https:\/\/lucacastelli.com\/de\/wp-json\/wp\/v2\/media?parent=596356"}],"wp:term":[{"taxonomy":"product_brand","embeddable":true,"href":"https:\/\/lucacastelli.com\/de\/wp-json\/wp\/v2\/product_brand?post=596356"},{"taxonomy":"product_cat","embeddable":true,"href":"https:\/\/lucacastelli.com\/de\/wp-json\/wp\/v2\/product_cat?post=596356"},{"taxonomy":"product_tag","embeddable":true,"href":"https:\/\/lucacastelli.com\/de\/wp-json\/wp\/v2\/product_tag?post=596356"}],"curies":[{"name":"wp","href":"https:\/\/api.w.org\/{rel}","templated":true}]}}