{"id":596300,"date":"2022-06-30T12:55:32","date_gmt":"2022-06-30T10:55:32","guid":{"rendered":"https:\/\/lucacastelli.com\/prodotto\/pfanner-optischer-brilleneinsatz\/"},"modified":"2026-04-18T01:39:13","modified_gmt":"2026-04-17T23:39:13","slug":"pfanner-optischer-brilleneinsatz","status":"publish","type":"product","link":"https:\/\/lucacastelli.com\/de\/produkt\/pfanner-optischer-brilleneinsatz\/","title":{"rendered":"PFANNER Optischer Brilleneinsatz"},"content":{"rendered":"<p>Der optische Einsatz wurde speziell f\u00fcr die Schutzbrille Protos\u00ae Integral entwickelt und l\u00e4sst sich einfach am Nasensteg der Schutzbrille Protos\u00ae Integral einhaken. Optische Gl\u00e4ser bis zu +\/-4 Dioptrien k\u00f6nnen vom Optiker problemlos in den Einsatz eingesetzt werden. Die optischen Gl\u00e4ser sind optimal gesch\u00fctzt, da sie hinter der Schutzbrille platziert sind. Der gro\u00dfe Vorteil des integrierten Brilleneinsatzes ist, dass die Brillenb\u00fcgel nicht mit dem Geh\u00f6rschutz kollidieren und nicht unangenehm gegen den Kopf gedr\u00fcckt werden.   <\/p>\n","protected":false},"excerpt":{"rendered":"<p>Der optische Einsatz wurde speziell f\u00fcr die Schutzbrille Protos\u00ae Integral entwickelt und l\u00e4sst sich einfach am Nasensteg der Schutzbrille Protos\u00ae<\/p>\n","protected":false},"featured_media":72866,"template":"","meta":{"_seopress_robots_primary_cat":"none","_seopress_titles_title":"","_seopress_titles_desc":"","_seopress_robots_index":""},"product_brand":[3670,4720],"product_cat":[1396,150,1404,1411],"product_tag":[],"class_list":{"0":"post-596300","1":"product","2":"type-product","3":"status-publish","4":"has-post-thumbnail","6":"product_brand-pfanner-de","7":"product_brand-protos-de","8":"product_cat-arbeitsausrustung","9":"product_cat-ausrustung","10":"product_cat-helme","11":"product_cat-visiere-und-schutzbrillen","12":"sws-gruppo-no-gruppo-de","13":"sws-categoria-sito-de","14":"sws-sottocategoria-altro-de","15":"sws-conto-ricavi-merci-rivendita-abbigliamento-de","16":"sws-gruppo-iva-iva81-de","18":"first","19":"instock","20":"shipping-taxable","21":"purchasable","22":"product-type-simple"},"_links":{"self":[{"href":"https:\/\/lucacastelli.com\/de\/wp-json\/wp\/v2\/product\/596300","targetHints":{"allow":["GET"]}}],"collection":[{"href":"https:\/\/lucacastelli.com\/de\/wp-json\/wp\/v2\/product"}],"about":[{"href":"https:\/\/lucacastelli.com\/de\/wp-json\/wp\/v2\/types\/product"}],"wp:featuredmedia":[{"embeddable":true,"href":"https:\/\/lucacastelli.com\/de\/wp-json\/wp\/v2\/media\/72866"}],"wp:attachment":[{"href":"https:\/\/lucacastelli.com\/de\/wp-json\/wp\/v2\/media?parent=596300"}],"wp:term":[{"taxonomy":"product_brand","embeddable":true,"href":"https:\/\/lucacastelli.com\/de\/wp-json\/wp\/v2\/product_brand?post=596300"},{"taxonomy":"product_cat","embeddable":true,"href":"https:\/\/lucacastelli.com\/de\/wp-json\/wp\/v2\/product_cat?post=596300"},{"taxonomy":"product_tag","embeddable":true,"href":"https:\/\/lucacastelli.com\/de\/wp-json\/wp\/v2\/product_tag?post=596300"}],"curies":[{"name":"wp","href":"https:\/\/api.w.org\/{rel}","templated":true}]}}