{"id":595965,"date":"2022-08-11T16:06:25","date_gmt":"2022-08-11T14:06:25","guid":{"rendered":"https:\/\/lucacastelli.com\/prodotto\/montura-gavia-hose\/"},"modified":"2026-03-01T00:24:56","modified_gmt":"2026-02-28T23:24:56","slug":"montura-gavia-hose","status":"publish","type":"product","link":"https:\/\/lucacastelli.com\/de\/produkt\/montura-gavia-hose\/","title":{"rendered":"MONTURA GAVIA HOSE"},"content":{"rendered":"<p>&#8211; Herrenhose<br \/>\n&#8211; Nylon-Softshell-Gewebe mit DWR-Behandlung<br \/>\n&#8211; Elastischer Bund mit G\u00fcrtelschlaufen, Knopf- und Rei\u00dfverschluss<br \/>\n&#8211; Eingrifftaschen und Ges\u00e4\u00dftasche mit Rei\u00dfverschluss<br \/>\n&#8211; Das ideale Kleidungsst\u00fcck f\u00fcr verschiedene Outdoor-Aktivit\u00e4ten und die Freizeit bei kalten Bedingungen.<\/p>\n","protected":false},"excerpt":{"rendered":"<p>&#8211; Herrenhose &#8211; Nylon-Softshell-Gewebe mit DWR-Behandlung &#8211; Elastischer Bund mit G\u00fcrtelschlaufen, Knopf- und Rei\u00dfverschluss &#8211; Eingrifftaschen und Ges\u00e4\u00dftasche mit Rei\u00dfverschluss<\/p>\n","protected":false},"featured_media":79550,"template":"","meta":{"_seopress_robots_primary_cat":"","_seopress_titles_title":"","_seopress_titles_desc":"","_seopress_robots_index":""},"product_brand":[4460],"product_cat":[82,974,975],"product_tag":[],"class_list":{"0":"post-595965","1":"product","2":"type-product","3":"status-publish","4":"has-post-thumbnail","6":"product_brand-montura-de","7":"product_cat-kleidung","8":"product_cat-freizeitkleidung","9":"product_cat-herrenbekleidung","10":"sws-gruppo-abb-libero-de","11":"sws-conto-ricavi-merci-rivendita-abbigliamento","12":"sws-gruppo-iva-iva81","14":"first","15":"instock","16":"shipping-taxable","17":"purchasable","18":"product-type-variable"},"_links":{"self":[{"href":"https:\/\/lucacastelli.com\/de\/wp-json\/wp\/v2\/product\/595965","targetHints":{"allow":["GET"]}}],"collection":[{"href":"https:\/\/lucacastelli.com\/de\/wp-json\/wp\/v2\/product"}],"about":[{"href":"https:\/\/lucacastelli.com\/de\/wp-json\/wp\/v2\/types\/product"}],"wp:featuredmedia":[{"embeddable":true,"href":"https:\/\/lucacastelli.com\/de\/wp-json\/wp\/v2\/media\/79550"}],"wp:attachment":[{"href":"https:\/\/lucacastelli.com\/de\/wp-json\/wp\/v2\/media?parent=595965"}],"wp:term":[{"taxonomy":"product_brand","embeddable":true,"href":"https:\/\/lucacastelli.com\/de\/wp-json\/wp\/v2\/product_brand?post=595965"},{"taxonomy":"product_cat","embeddable":true,"href":"https:\/\/lucacastelli.com\/de\/wp-json\/wp\/v2\/product_cat?post=595965"},{"taxonomy":"product_tag","embeddable":true,"href":"https:\/\/lucacastelli.com\/de\/wp-json\/wp\/v2\/product_tag?post=595965"}],"curies":[{"name":"wp","href":"https:\/\/api.w.org\/{rel}","templated":true}]}}